{"id":111,"date":"2024-10-04T02:59:50","date_gmt":"2024-10-04T02:59:50","guid":{"rendered":"https:\/\/malibubtlcr.com\/trigas\/?page_id=111"},"modified":"2024-11-11T15:49:49","modified_gmt":"2024-11-11T15:49:49","slug":"sector-medico","status":"publish","type":"page","link":"https:\/\/malibubtlcr.com\/trigas\/sector-medico\/","title":{"rendered":"Sector M\u00e9dico"},"content":{"rendered":"\n\n  <div class=\"banner has-hover has-parallax\" id=\"banner-167700769\">\n          <div class=\"banner-inner fill\">\n        <div class=\"banner-bg fill\" data-parallax=\"-5\" data-parallax-container=\".banner\" data-parallax-background>\n            <img loading=\"lazy\" decoding=\"async\" width=\"800\" height=\"600\" src=\"https:\/\/malibubtlcr.com\/trigas\/wp-content\/uploads\/2024\/09\/Healthcare-Medical-Gas-05.jpg\" class=\"bg attachment-original size-original\" alt=\"\" \/>                        <div class=\"overlay\"><\/div>            \n                    <\/div>\n\t\t\n        <div class=\"banner-layers container\">\n            <div class=\"fill banner-link\"><\/div>            \n\n   <div id=\"text-box-1560277176\" class=\"text-box banner-layer x50 md-x5 lg-x5 y50 md-y25 lg-y25 res-text\">\n                                <div class=\"text-box-content text \">\n              \n              <div class=\"text-inner text-left\">\n                  \n\n\t<div id=\"text-2425086879\" class=\"text\">\n\t\t\n\n<h2 class=\"uppercase\"><strong>Sector m\u00e9dico hospitalario<\/strong><\/h2>\n<h3>Soluciones para el cuidado de la salud<\/h3>\n<p>Un productor y proveedor l\u00edder de gases medicinales, producidos bajos altos est\u00e1ndares de seguridad y calidad.<\/p>\n\t\t\n<style>\n#text-2425086879 {\n  text-align: center;\n  color: rgb(255,255,255);\n}\n#text-2425086879 > * {\n  color: rgb(255,255,255);\n}\n@media (min-width:550px) {\n  #text-2425086879 {\n    text-align: left;\n  }\n}\n<\/style>\n\t<\/div>\n\t\n\n              <\/div>\n           <\/div>\n                            \n<style>\n#text-box-1560277176 {\n  width: 88%;\n}\n#text-box-1560277176 .text-box-content {\n  font-size: 100%;\n}\n@media (min-width:550px) {\n  #text-box-1560277176 {\n    width: 85%;\n  }\n}\n<\/style>\n    <\/div>\n \n\n        <\/div>\n      <\/div>\n\n            \n<style>\n#banner-167700769 {\n  padding-top: 80%;\n  background-color: rgb(255, 255, 255);\n}\n#banner-167700769 .overlay {\n  background-color: rgba(0, 0, 0, 0.576);\n}\n#banner-167700769 .banner-bg img {\n  object-position: 22% 0%;\n}\n@media (min-width:550px) {\n  #banner-167700769 {\n    padding-top: 25%;\n  }\n}\n<\/style>\n  <\/div>\n\n\n<div class=\"row\"  id=\"row-1660913566\">\n\n\n\t<div id=\"col-1508641158\" class=\"col small-12 large-12\"  data-animate=\"fadeInUp\">\n\t\t\t\t<div class=\"col-inner\"  >\n\t\t\t\n\t\t\t\n\n\t<div id=\"text-478649077\" class=\"text text-justificado\">\n\t\t\n\n<p>Brindamos servicios a hospitales, cl\u00ednicas, hogares de ancianos y otras instituciones de atenci\u00f3n m\u00e9dica con una l\u00ednea completa de gases m\u00e9dicos puros, ox\u00edgeno y gases de terapia respiratoria para ayudar a los pacientes a respirar.<\/p>\n<p>Actualmente asistimos a los principales hospitales de la Caja Costarricense de Seguro Social <strong><span style=\"color: #1c3678;\">CCSS<\/span>.<\/strong><\/p>\n<p>TRIGAS mantiene sus propios productos criog\u00e9nicos\u00a0 de calidad m\u00e9dica, los gases m\u00e9dicos se producen para usos m\u00e9dicos tales como la conservaci\u00f3n:\u00a0 materiales biol\u00f3gicos, asi como para MRI, criocongelaci\u00f3n, mezclas de gases sanguineos y funciones pulmonares.<\/p>\n\t\t\t<\/div>\n\t\n\n\t\t<\/div>\n\t\t\t\t\t<\/div>\n\n\t\n\n<\/div>\n<div class=\"row\"  id=\"row-1563036040\">\n\n\n\t<div id=\"col-555740360\" class=\"col medium-6 small-12 large-6\"  data-animate=\"fadeInLeft\">\n\t\t\t\t<div class=\"col-inner\"  >\n\t\t\t\n\t\t\t\n\n<div class=\"container section-title-container\" ><h3 class=\"section-title section-title-normal\"><b><\/b><span class=\"section-title-main\" style=\"color:rgb(28, 54, 120);\">Ox\u00edgeno USP<\/span><b><\/b><\/h3><\/div>\n\n\t<div id=\"text-3881907547\" class=\"text text-justificado\">\n\t\t\n\n<p>Somos un proveedor de larga trayectoria de ox\u00edgeno de grado USP y equipos de almacenamiento de ox\u00edgeno a granel, para instalaciones m\u00e9dicas, para el tratamiento o la prevenci\u00f3n de la insuficiencia de ox\u00edgeno en la sangre.<\/p>\n<p>Contamos con ox\u00edgeno gaseoso en cilindros de todos los tama\u00f1os y capacidades.<\/p>\n\t\t\t<\/div>\n\t\n\n\t\t<\/div>\n\t\t\t\t\t<\/div>\n\n\t\n\n\t<div id=\"col-629508420\" class=\"col medium-6 small-12 large-6\"  data-animate=\"fadeInRight\">\n\t\t\t\t<div class=\"col-inner\"  >\n\t\t\t\n\t\t\t\n\n\t<div class=\"img has-hover x md-x lg-x y md-y lg-y\" id=\"image_1177816551\">\n\t\t\t\t\t\t\t\t<div class=\"img-inner dark\" >\n\t\t\t<img loading=\"lazy\" decoding=\"async\" width=\"589\" height=\"392\" src=\"https:\/\/malibubtlcr.com\/trigas\/wp-content\/uploads\/2024\/09\/medicaloxygen.png\" class=\"attachment-original size-original\" alt=\"\" srcset=\"https:\/\/malibubtlcr.com\/trigas\/wp-content\/uploads\/2024\/09\/medicaloxygen.png 589w, https:\/\/malibubtlcr.com\/trigas\/wp-content\/uploads\/2024\/09\/medicaloxygen-300x200.png 300w\" sizes=\"auto, (max-width: 589px) 100vw, 589px\" \/>\t\t\t\t\t\t\n\t\t\t\t\t<\/div>\n\t\t\t\t\t\t\t\t\n<style>\n#image_1177816551 {\n  width: 100%;\n}\n<\/style>\n\t<\/div>\n\t\n\n\n\t\t<\/div>\n\t\t\t\t\t<\/div>\n\n\t\n\n<\/div>\n\n\t<section class=\"section\" id=\"section_213010480\">\n\t\t<div class=\"section-bg fill\" >\n\t\t\t\t\t\t\t\t\t\n\t\t\t\n\n\t\t<\/div>\n\n\t\t\n\n\t\t<div class=\"section-content relative\">\n\t\t\t\n\n<div class=\"row\"  id=\"row-1901871642\">\n\n\n\t<div id=\"col-2106265474\" class=\"col small-12 large-12\"  data-animate=\"fadeInUp\">\n\t\t\t\t<div class=\"col-inner\"  >\n\t\t\t\n\t\t\t\n\n<div class=\"container section-title-container\" ><h3 class=\"section-title section-title-normal\"><b><\/b><span class=\"section-title-main\" style=\"color:rgb(28, 54, 120);\">M\u00e1s productos<\/span><b><\/b><\/h3><\/div>\n\n<p>Prestamos servicios a hospitales, cl\u00ednicas, residencias de ancianos y otras instituciones m\u00e9dicas, con una l\u00ednea completa de gases medicinales puros,\u00a0 ox\u00edgeno y gases de terapia respiratoria para ayudar a los pacientes en su tratamiento.<\/p>\n<div class=\"accordion\">\n\n\t<div id=\"accordion-2480358139\" class=\"accordion-item\">\n\t\t<a id=\"accordion-2480358139-label\" class=\"accordion-title plain\" href=\"#accordion-item-di\u00f3xido-de-carbono-usp\" aria-expanded=\"false\" aria-controls=\"accordion-2480358139-content\" >\n\t\t\t<button class=\"toggle\" aria-label=\"Toggle\"><i class=\"icon-angle-down\"><\/i><\/button>\n\t\t\t<span>Di\u00f3xido de Carbono USP<\/span>\n\t\t<\/a>\n\t\t<div id=\"accordion-2480358139-content\" class=\"accordion-inner\" aria-labelledby=\"accordion-2480358139-label\" >\n\t\t\t\n\n<p>El di\u00f3xido de carbono USP se utiliza en atm\u00f3sferas cercanas a las fisiol\u00f3gicas,\u00a0 para el funcionamiento de \u00f3rganos artificiales, en criocirug\u00eda con insufladores durante la cirug\u00eda laparosc\u00f3pica y como componente en una mezcla de ox\u00edgeno o aire como estimulante respiratorio para promover una respiraci\u00f3n profunda.<\/p>\n\n\t\t<\/div>\n\t<\/div>\n\t\n\t<div id=\"accordion-3425351104\" class=\"accordion-item\">\n\t\t<a id=\"accordion-3425351104-label\" class=\"accordion-title plain\" href=\"#accordion-item-heliox\" aria-expanded=\"false\" aria-controls=\"accordion-3425351104-content\" >\n\t\t\t<button class=\"toggle\" aria-label=\"Toggle\"><i class=\"icon-angle-down\"><\/i><\/button>\n\t\t\t<span>HELIOX<\/span>\n\t\t<\/a>\n\t\t<div id=\"accordion-3425351104-content\" class=\"accordion-inner\" aria-labelledby=\"accordion-3425351104-label\" >\n\t\t\t\n\n<p>Heliox es el t\u00e9rmino utilizado para describir las mezclas de helio y ox\u00edgeno. Las mezclas que contienen helio USP se utilizan a menudo, para el tratamiento de la obstrucci\u00f3n parcial superior fija o el aumento de la resistencia de las v\u00edas respiratorias, ayudando a los pacientes a respirar m\u00e1s f\u00e1cilmente. Cuando se combina con ox\u00edgeno, el helio reduce la densidad de la mezcla respirable. Una mezcla 70\/30 de helio y ox\u00edgeno es 2,3 veces menos densa que el aire y una mezcla 80\/20 es 3 veces menos.<\/p>\n\n\t\t<\/div>\n\t<\/div>\n\t\n\t<div id=\"accordion-4010322860\" class=\"accordion-item\">\n\t\t<a id=\"accordion-4010322860-label\" class=\"accordion-title plain\" href=\"#accordion-item-aire-medicinal-usp\" aria-expanded=\"false\" aria-controls=\"accordion-4010322860-content\" >\n\t\t\t<button class=\"toggle\" aria-label=\"Toggle\"><i class=\"icon-angle-down\"><\/i><\/button>\n\t\t\t<span>Aire medicinal USP<\/span>\n\t\t<\/a>\n\t\t<div id=\"accordion-4010322860-content\" class=\"accordion-inner\" aria-labelledby=\"accordion-4010322860-label\" >\n\t\t\t\n\n<p>Medical Air USP se utiliza ampliamente en las \u00e1reas de UCI, UCIP y UCIN, y con nebulizadores pulmonares para reducir el riesgo de exceso de ox\u00edgeno en los pulmones u otros tejidos corporales (hiperoxia) durante la ventilaci\u00f3n mec\u00e1nica o los procedimientos quir\u00fargicos.<\/p>\n\n\t\t<\/div>\n\t<\/div>\n\t\n\t<div id=\"accordion-595999312\" class=\"accordion-item\">\n\t\t<a id=\"accordion-595999312-label\" class=\"accordion-title plain\" href=\"#accordion-item-\u00d3xido-nitroso-usp\" aria-expanded=\"false\" aria-controls=\"accordion-595999312-content\" >\n\t\t\t<button class=\"toggle\" aria-label=\"Toggle\"><i class=\"icon-angle-down\"><\/i><\/button>\n\t\t\t<span>\u00d3xido nitroso USP<\/span>\n\t\t<\/a>\n\t\t<div id=\"accordion-595999312-content\" class=\"accordion-inner\" aria-labelledby=\"accordion-595999312-label\" >\n\t\t\t\n\n<p>El \u00f3xido nitroso USP se utiliza en el sector sanitario como analg\u00e9sico y complemento de la anestesia.<\/p>\n\n\t\t<\/div>\n\t<\/div>\n\t\n\t<div id=\"accordion-3203855570\" class=\"accordion-item\">\n\t\t<a id=\"accordion-3203855570-label\" class=\"accordion-title plain\" href=\"#accordion-item-\u00d3xido-n\u00edtrico\" aria-expanded=\"false\" aria-controls=\"accordion-3203855570-content\" >\n\t\t\t<button class=\"toggle\" aria-label=\"Toggle\"><i class=\"icon-angle-down\"><\/i><\/button>\n\t\t\t<span>\u00d3xido n\u00edtrico<\/span>\n\t\t<\/a>\n\t\t<div id=\"accordion-3203855570-content\" class=\"accordion-inner\" aria-labelledby=\"accordion-3203855570-label\" >\n\t\t\t\n\n<p>El \u00f3xido n\u00edtrico se utiliza en el sector m\u00e9dico como un vasodilatador, para tratar condiciones respiratorias, como la hipertensi\u00f3n pulmonar en reci\u00e9n nacidos. Ayuda a mejorar la oxigenaci\u00f3n, al relajar los vasos sangu\u00edneos en los pulmones y aumentar el flujo sangu\u00edneo, facilitando la respiraci\u00f3n en pacientes con dificultades respiratorias graves.<\/p>\n\n\t\t<\/div>\n\t<\/div>\n\t\n\t<div id=\"accordion-88494105\" class=\"accordion-item\">\n\t\t<a id=\"accordion-88494105-label\" class=\"accordion-title plain\" href=\"#accordion-item-ox\u00edgeno-%20liquido\" aria-expanded=\"false\" aria-controls=\"accordion-88494105-content\" >\n\t\t\t<button class=\"toggle\" aria-label=\"Toggle\"><i class=\"icon-angle-down\"><\/i><\/button>\n\t\t\t<span>Ox\u00edgeno  liquido<\/span>\n\t\t<\/a>\n\t\t<div id=\"accordion-88494105-content\" class=\"accordion-inner\" aria-labelledby=\"accordion-88494105-label\" >\n\t\t\t\n\n<p><span style=\"color: #555555;\">El <\/span>ox\u00edgeno l\u00edquido<span style=\"color: #555555;\"> se utiliza en el sector m\u00e9dico para el tratamiento de pacientes con problemas respiratorios graves. Se emplea en unidades de cuidados intensivos y en terapias de oxigenaci\u00f3n para mejorar la capacidad respiratoria, al suministrar ox\u00edgeno de alta pureza. Es fundamental para pacientes que requieren altos niveles de ox\u00edgeno suplementario, como aquellos con enfermedades pulmonares cr\u00f3nicas o en situaciones de emergencia m\u00e9dica.<\/span><\/p>\n\n\t\t<\/div>\n\t<\/div>\n\t\n\t<div id=\"accordion-1428351870\" class=\"accordion-item\">\n\t\t<a id=\"accordion-1428351870-label\" class=\"accordion-title plain\" href=\"#accordion-item-nitr\u00f3geno\" aria-expanded=\"false\" aria-controls=\"accordion-1428351870-content\" >\n\t\t\t<button class=\"toggle\" aria-label=\"Toggle\"><i class=\"icon-angle-down\"><\/i><\/button>\n\t\t\t<span>Nitr\u00f3geno<\/span>\n\t\t<\/a>\n\t\t<div id=\"accordion-1428351870-content\" class=\"accordion-inner\" aria-labelledby=\"accordion-1428351870-label\" >\n\t\t\t\n\n<p>Gas m\u00e9dico utilizado para almacenamiento y congelaci\u00f3n de tejidos, c\u00e9lulas y sangre a temperaturas criog\u00e9nicas, adem\u00e1s utilizado en el tratamiento de lesiones cut\u00e1neas, y como materia prima en la obtenci\u00f3n de aire sint\u00e9tico.<\/p>\n<p><strong>Nombre del producto y concentraci\u00f3n:<\/strong><br \/>Nitr\u00f3geno comprimido, alta pureza &gt; 99,998%, baja pureza &gt; 90%.<br \/>Nitr\u00f3geno l\u00edquido refrigerado, &gt; 99,998%.<br \/>Mezcla de nitr\u00f3geno gaseoso Arg\u00f3n, 1 ppm \u2013 99,99%.<br \/>Mezcla de nitr\u00f3geno gaseoso y helio, 1 ppm \u2013 99,99%.<br \/>Mezcla de nitr\u00f3geno gaseoso e hidr\u00f3geno, 1 ppm \u2013 99,99%.<br \/>Mezcla de nitr\u00f3geno y ox\u00edgeno gaseoso, 1 ppm \u2013 99,99%.<\/p>\n\n\t\t<\/div>\n\t<\/div>\n\t\n\n<\/div>\n\n\t\t<\/div>\n\t\t\t\t\t<\/div>\n\n\t\n\n\n<style>\n#row-1901871642 > .col > .col-inner {\n  padding: 10px 10px 10px 10px;\n  background-color: rgb(255, 255, 255);\n}\n@media (min-width:550px) {\n  #row-1901871642 > .col > .col-inner {\n    padding: 25px 25px 25px 25px;\n  }\n}\n<\/style>\n<\/div>\n\n\t\t<\/div>\n\n\t\t\n<style>\n#section_213010480 {\n  padding-top: 30px;\n  padding-bottom: 30px;\n  background-color: #308d3c;\n}\n<\/style>\n\t<\/section>\n\t\n<div class=\"row align-middle\"  id=\"row-1294930113\">\n\n\n\t<div id=\"col-1743284757\" class=\"col medium-6 small-12 large-6\"  data-animate=\"fadeInLeft\">\n\t\t\t\t<div class=\"col-inner\"  >\n\t\t\t\n\t\t\t\n\n\t<div class=\"img has-hover x md-x lg-x y md-y lg-y\" id=\"image_512239710\">\n\t\t\t\t\t\t\t\t<div class=\"img-inner dark\" >\n\t\t\t<img loading=\"lazy\" decoding=\"async\" width=\"1228\" height=\"678\" src=\"https:\/\/malibubtlcr.com\/trigas\/wp-content\/uploads\/2024\/10\/Screenshot-2024-10-25-at-8.56.08\u202fAM.png\" class=\"attachment-original size-original\" alt=\"\" srcset=\"https:\/\/malibubtlcr.com\/trigas\/wp-content\/uploads\/2024\/10\/Screenshot-2024-10-25-at-8.56.08\u202fAM.png 1228w, https:\/\/malibubtlcr.com\/trigas\/wp-content\/uploads\/2024\/10\/Screenshot-2024-10-25-at-8.56.08\u202fAM-300x166.png 300w, https:\/\/malibubtlcr.com\/trigas\/wp-content\/uploads\/2024\/10\/Screenshot-2024-10-25-at-8.56.08\u202fAM-1024x565.png 1024w, https:\/\/malibubtlcr.com\/trigas\/wp-content\/uploads\/2024\/10\/Screenshot-2024-10-25-at-8.56.08\u202fAM-768x424.png 768w\" sizes=\"auto, (max-width: 1228px) 100vw, 1228px\" \/>\t\t\t\t\t\t\n\t\t\t\t\t<\/div>\n\t\t\t\t\t\t\t\t\n<style>\n#image_512239710 {\n  width: 100%;\n}\n<\/style>\n\t<\/div>\n\t\n\n\n\t\t<\/div>\n\t\t\t\t\t<\/div>\n\n\t\n\n\t<div id=\"col-1406210590\" class=\"col medium-6 small-12 large-6\"  data-animate=\"fadeInRight\">\n\t\t\t\t<div class=\"col-inner\"  >\n\t\t\t\n\t\t\t\n\n<div class=\"container section-title-container\" ><h3 class=\"section-title section-title-normal\"><b><\/b><span class=\"section-title-main\" style=\"color:rgb(28, 54, 120);\">Mantenimiento y construcci\u00f3n de sistemas de tuber\u00edas industriales y m\u00e9dicos<\/span><b><\/b><\/h3><\/div>\n\n\t<div id=\"text-1215064136\" class=\"text text-justificado\">\n\t\t\n\n<p>Ofrecemos a nuestros clientes, dise\u00f1o y construcci\u00f3n de redes para gases m\u00e9dicos e industriales , con el apoyo de programas integrales para sistemas de tuber\u00edas de gases m\u00e9dicos e industriales que incluyen pruebas peri\u00f3dicas, mantenimiento preventivo, reparaciones, verificaci\u00f3n, servicios de descontaminaci\u00f3n, servicios de ingenier\u00eda, educaci\u00f3n y formaci\u00f3n.<\/p>\n\t\t\t<\/div>\n\t\n<a href=\"\/mantenimiento-y-construccion\" class=\"button primary\"  >\n\t\t<span>Ver m\u00e1s<\/span>\n\t<i class=\"icon-angle-right\" aria-hidden=\"true\" ><\/i><\/a>\n\n\n\n\t\t<\/div>\n\t\t\t\t\t<\/div>\n\n\t\n\n<\/div>\n\n","protected":false},"excerpt":{"rendered":"","protected":false},"author":1,"featured_media":0,"parent":0,"menu_order":0,"comment_status":"closed","ping_status":"closed","template":"page-blank.php","meta":{"footnotes":""},"class_list":["post-111","page","type-page","status-publish","hentry"],"_links":{"self":[{"href":"https:\/\/malibubtlcr.com\/trigas\/wp-json\/wp\/v2\/pages\/111","targetHints":{"allow":["GET"]}}],"collection":[{"href":"https:\/\/malibubtlcr.com\/trigas\/wp-json\/wp\/v2\/pages"}],"about":[{"href":"https:\/\/malibubtlcr.com\/trigas\/wp-json\/wp\/v2\/types\/page"}],"author":[{"embeddable":true,"href":"https:\/\/malibubtlcr.com\/trigas\/wp-json\/wp\/v2\/users\/1"}],"replies":[{"embeddable":true,"href":"https:\/\/malibubtlcr.com\/trigas\/wp-json\/wp\/v2\/comments?post=111"}],"version-history":[{"count":0,"href":"https:\/\/malibubtlcr.com\/trigas\/wp-json\/wp\/v2\/pages\/111\/revisions"}],"wp:attachment":[{"href":"https:\/\/malibubtlcr.com\/trigas\/wp-json\/wp\/v2\/media?parent=111"}],"curies":[{"name":"wp","href":"https:\/\/api.w.org\/{rel}","templated":true}]}}