{"id":127,"date":"2024-10-05T23:40:02","date_gmt":"2024-10-05T23:40:02","guid":{"rendered":"https:\/\/malibubtlcr.com\/trigas\/?page_id=127"},"modified":"2024-11-11T15:13:58","modified_gmt":"2024-11-11T15:13:58","slug":"acetilex","status":"publish","type":"page","link":"https:\/\/malibubtlcr.com\/trigas\/acetilex\/","title":{"rendered":"Acetilex"},"content":{"rendered":"\n\n  <div class=\"banner has-hover\" id=\"banner-781260780\">\n          <div class=\"banner-inner fill\">\n        <div class=\"banner-bg fill\" >\n            <img loading=\"lazy\" decoding=\"async\" width=\"2234\" height=\"1256\" src=\"https:\/\/malibubtlcr.com\/trigas\/wp-content\/uploads\/2024\/10\/acetilex.png\" class=\"bg attachment-original size-original\" alt=\"\" \/>                        <div class=\"overlay\"><\/div>            \n                    <\/div>\n\t\t\n        <div class=\"banner-layers container\">\n            <div class=\"fill banner-link\"><\/div>            \n\n   <div id=\"text-box-325828233\" class=\"text-box banner-layer x5 md-x5 lg-x5 y50 md-y100 lg-y100 res-text\">\n                                <div class=\"text-box-content text \">\n              \n              <div class=\"text-inner text-left\">\n                  \n\n\t<div id=\"text-3897939299\" class=\"text\">\n\t\t\n\n<h2 class=\"uppercase\"><b>Acetilex<\/b><\/h2>\n<h3>Alta eficiencia<\/h3>\n<p>Gas de \u00faltima generaci\u00f3n con una alta eficiencia para corte y soldaduras. <span style=\"font-weight: 400;\">Adem\u00e1s es un gas amigable con el ambiente.<\/span><\/p>\n<p>\u00a0<\/p>\n<p>\u00a0<\/p>\n\t\t\n<style>\n#text-3897939299 {\n  color: rgb(255,255,255);\n}\n#text-3897939299 > * {\n  color: rgb(255,255,255);\n}\n<\/style>\n\t<\/div>\n\t\n\n              <\/div>\n           <\/div>\n                            \n<style>\n#text-box-325828233 {\n  width: 60%;\n}\n#text-box-325828233 .text-box-content {\n  font-size: 100%;\n}\n@media (min-width:550px) {\n  #text-box-325828233 {\n    width: 75%;\n  }\n}\n<\/style>\n    <\/div>\n \n\n        <\/div>\n      <\/div>\n\n            \n<style>\n#banner-781260780 {\n  padding-top: 42%;\n  background-color: rgb(255,255,255);\n}\n#banner-781260780 .overlay {\n  background-color: rgba(0,0,0,.5);\n}\n@media (min-width:550px) {\n  #banner-781260780 {\n    padding-top: 30%;\n  }\n}\n<\/style>\n  <\/div>\n\n\n<div class=\"row\"  id=\"row-124160252\">\n\n\n\t<div id=\"col-1089823965\" class=\"col small-12 large-12\"  data-animate=\"fadeInUp\">\n\t\t\t\t<div class=\"col-inner\"  >\n\t\t\t\n\t\t\t\n\n<div class=\"container section-title-container\" ><h3 class=\"section-title section-title-normal\"><b><\/b><span class=\"section-title-main\" style=\"color:rgb(28, 54, 120);\">\u00bfQU\u00c9 ES ACETILEX?<\/span><b><\/b><\/h3><\/div>\n\n\t<div id=\"text-1883133586\" class=\"text text-justificado\">\n\t\t\n\n<p><i class=\"fa-solid fa-fire\"><\/i> <span style=\"font-weight: 400;\">Acetilex es un gas de nueva generaci\u00f3n, fabricado como alternativa al Acetileno, altamente eficiente, m\u00e1s econ\u00f3mico y patentado de la marca TRIGAS.<\/span><\/p>\n<p><i class=\"fa-solid fa-leaf\"><\/i> <span style=\"font-weight: 400;\">Adem\u00e1s es un gas amigable con el ambiente.<\/span><\/p>\n\t\t\t<\/div>\n\t\n\n\t\t<\/div>\n\t\t\t\t\t<\/div>\n\n\t\n\n<\/div>\n<div class=\"row align-middle\"  id=\"row-1746969018\">\n\n\n\t<div id=\"col-2018294998\" class=\"col medium-6 small-12 large-6\"  data-animate=\"fadeInLeft\">\n\t\t\t\t<div class=\"col-inner\"  >\n\t\t\t\n\t\t\t\n\n\t<div id=\"text-2229053225\" class=\"text text-justificado\">\n\t\t\n\n<h4><span style=\"color: #003366;\"><strong>En qu\u00e9 lo utilizamos?<\/strong><\/span><\/h4>\n<p class=\"p1\">Dentro de sus principales usos se encuentran:<\/p>\n<ol class=\"ol1\">\n<li class=\"li1\">Corte<\/li>\n<li class=\"li1\">Soldadura<\/li>\n<li class=\"li1\">Calentamiento\u00a0<\/li>\n<\/ol>\n<p class=\"p1\">El Acetilex es un gas de alta eficiencia energ\u00e9tica que produce un calentamiento m\u00e1s r\u00e1pido que otros gases y cortes m\u00e1s precisos, limpios y con alto grado de eficiencia<\/p>\n\t\t\t<\/div>\n\t\n\n\t\t<\/div>\n\t\t\t\t\t<\/div>\n\n\t\n\n\t<div id=\"col-249890207\" class=\"col medium-6 small-12 large-6\"  data-animate=\"fadeInRight\">\n\t\t\t\t<div class=\"col-inner\"  >\n\t\t\t\n\t\t\t\n\n\t<div class=\"img has-hover x md-x lg-x y md-y lg-y\" id=\"image_1225443883\">\n\t\t\t\t\t\t\t\t<div class=\"img-inner dark\" >\n\t\t\t<img loading=\"lazy\" decoding=\"async\" width=\"1490\" height=\"1176\" src=\"https:\/\/malibubtlcr.com\/trigas\/wp-content\/uploads\/2024\/10\/uso.png\" class=\"attachment-original size-original\" alt=\"\" srcset=\"https:\/\/malibubtlcr.com\/trigas\/wp-content\/uploads\/2024\/10\/uso.png 1490w, https:\/\/malibubtlcr.com\/trigas\/wp-content\/uploads\/2024\/10\/uso-300x237.png 300w, https:\/\/malibubtlcr.com\/trigas\/wp-content\/uploads\/2024\/10\/uso-1024x808.png 1024w, https:\/\/malibubtlcr.com\/trigas\/wp-content\/uploads\/2024\/10\/uso-768x606.png 768w\" sizes=\"auto, (max-width: 1490px) 100vw, 1490px\" \/>\t\t\t\t\t\t\n\t\t\t\t\t<\/div>\n\t\t\t\t\t\t\t\t\n<style>\n#image_1225443883 {\n  width: 100%;\n}\n<\/style>\n\t<\/div>\n\t\n\n\n\t\t<\/div>\n\t\t\t\t\t<\/div>\n\n\t\n\n<\/div>\n\n\t<section class=\"section\" id=\"section_1356118115\">\n\t\t<div class=\"section-bg fill\" >\n\t\t\t\t\t\t\t\t\t\n\t\t\t\n\n\t\t<\/div>\n\n\t\t\n\n\t\t<div class=\"section-content relative\">\n\t\t\t\n\n<div class=\"row\"  id=\"row-1912855428\">\n\n\n\t<div id=\"col-1764022634\" class=\"col small-12 large-12\"  data-animate=\"fadeInUp\">\n\t\t\t\t<div class=\"col-inner\" style=\"background-color:rgb(255, 255, 255);\" >\n\t\t\t\n\t\t\t\n\n\n\t\t<div class=\"tabbed-content\">\n\t\t\t<h4 class=\"uppercase text-left\">Datos importantes<\/h4>\n\t\t\t<ul class=\"nav nav-line-bottom nav-normal nav-size-large nav-left\" role=\"tablist\"><li id=\"tab-clasificaci\u00f3n-de-riesgo\" class=\"tab active has-icon\" role=\"presentation\"><a href=\"#tab_clasificaci\u00f3n-de-riesgo\" role=\"tab\" aria-selected=\"true\" aria-controls=\"tab_clasificaci\u00f3n-de-riesgo\"><span>Clasificaci\u00f3n de riesgo<\/span><\/a><\/li>\n<li id=\"tab-relaci\u00f3n-boquilla---espesor\" class=\"tab has-icon\" role=\"presentation\"><a href=\"#tab_relaci\u00f3n-boquilla---espesor\" tabindex=\"-1\" role=\"tab\" aria-selected=\"false\" aria-controls=\"tab_relaci\u00f3n-boquilla---espesor\"><span>Relaci\u00f3n boquilla - espesor<\/span><\/a><\/li>\n<li id=\"tab-caracter\u00edsticas-de-boquillas\" class=\"tab has-icon\" role=\"presentation\"><a href=\"#tab_caracter\u00edsticas-de-boquillas\" tabindex=\"-1\" role=\"tab\" aria-selected=\"false\" aria-controls=\"tab_caracter\u00edsticas-de-boquillas\"><span>Caracter\u00edsticas de boquillas<\/span><\/a><\/li>\n<li id=\"tab-comparativo-de-gases\" class=\"tab has-icon\" role=\"presentation\"><a href=\"#tab_comparativo-de-gases\" tabindex=\"-1\" role=\"tab\" aria-selected=\"false\" aria-controls=\"tab_comparativo-de-gases\"><span>Comparativo de gases<\/span><\/a><\/li><\/ul><div class=\"tab-panels\"><div id=\"tab_clasificaci\u00f3n-de-riesgo\" class=\"panel active entry-content\" role=\"tabpanel\" aria-labelledby=\"tab-clasificaci\u00f3n-de-riesgo\">\n\n<p><span style=\"color: #003366;\"><b>SEG\u00daN NORMATIVA\u00a0<\/b><b>NFPA &#8211; 704<\/b><\/span><\/p>\n<div class=\"row\"  id=\"row-1668106463\">\n\n\n\t<div id=\"col-311292261\" class=\"col medium-6 small-12 large-6\"  >\n\t\t\t\t<div class=\"col-inner\"  >\n\t\t\t\n\t\t\t\n\n\t<div class=\"img has-hover x md-x lg-x y md-y lg-y\" id=\"image_1430683840\">\n\t\t\t\t\t\t\t\t<div class=\"img-inner dark\" >\n\t\t\t<img loading=\"lazy\" decoding=\"async\" width=\"644\" height=\"642\" src=\"https:\/\/malibubtlcr.com\/trigas\/wp-content\/uploads\/2024\/10\/riesgo1.png\" class=\"attachment-original size-original\" alt=\"\" srcset=\"https:\/\/malibubtlcr.com\/trigas\/wp-content\/uploads\/2024\/10\/riesgo1.png 644w, https:\/\/malibubtlcr.com\/trigas\/wp-content\/uploads\/2024\/10\/riesgo1-300x300.png 300w, https:\/\/malibubtlcr.com\/trigas\/wp-content\/uploads\/2024\/10\/riesgo1-150x150.png 150w\" sizes=\"auto, (max-width: 644px) 100vw, 644px\" \/>\t\t\t\t\t\t\n\t\t\t\t\t<\/div>\n\t\t\t\t\t\t\t\t\n<style>\n#image_1430683840 {\n  width: 100%;\n}\n<\/style>\n\t<\/div>\n\t\n\n\n\t\t<\/div>\n\t\t\t\t\t<\/div>\n\n\t\n\n\t<div id=\"col-1463489470\" class=\"col medium-6 small-12 large-6\"  >\n\t\t\t\t<div class=\"col-inner\"  >\n\t\t\t\n\t\t\t\n\n\t<div class=\"img has-hover x md-x lg-x y md-y lg-y\" id=\"image_203654833\">\n\t\t\t\t\t\t\t\t<div class=\"img-inner dark\" >\n\t\t\t<img loading=\"lazy\" decoding=\"async\" width=\"633\" height=\"641\" src=\"https:\/\/malibubtlcr.com\/trigas\/wp-content\/uploads\/2024\/10\/riesgo2.png\" class=\"attachment-original size-original\" alt=\"\" srcset=\"https:\/\/malibubtlcr.com\/trigas\/wp-content\/uploads\/2024\/10\/riesgo2.png 633w, https:\/\/malibubtlcr.com\/trigas\/wp-content\/uploads\/2024\/10\/riesgo2-296x300.png 296w\" sizes=\"auto, (max-width: 633px) 100vw, 633px\" \/>\t\t\t\t\t\t\n\t\t\t\t\t<\/div>\n\t\t\t\t\t\t\t\t\n<style>\n#image_203654833 {\n  width: 100%;\n}\n<\/style>\n\t<\/div>\n\t\n\n\n\t\t<\/div>\n\t\t\t\t\t<\/div>\n\n\t\n\n<\/div>\n\n<\/div>\n<div id=\"tab_relaci\u00f3n-boquilla---espesor\" class=\"panel entry-content\" role=\"tabpanel\" aria-labelledby=\"tab-relaci\u00f3n-boquilla---espesor\">\n\n\t<div class=\"img has-hover x md-x lg-x y md-y lg-y\" id=\"image_1250806393\">\n\t\t\t\t\t\t\t\t<div class=\"img-inner dark\" >\n\t\t\t<img loading=\"lazy\" decoding=\"async\" width=\"1538\" height=\"856\" src=\"https:\/\/malibubtlcr.com\/trigas\/wp-content\/uploads\/2024\/10\/espesor-boquilla.png\" class=\"attachment-original size-original\" alt=\"\" srcset=\"https:\/\/malibubtlcr.com\/trigas\/wp-content\/uploads\/2024\/10\/espesor-boquilla.png 1538w, https:\/\/malibubtlcr.com\/trigas\/wp-content\/uploads\/2024\/10\/espesor-boquilla-300x167.png 300w, https:\/\/malibubtlcr.com\/trigas\/wp-content\/uploads\/2024\/10\/espesor-boquilla-1024x570.png 1024w, https:\/\/malibubtlcr.com\/trigas\/wp-content\/uploads\/2024\/10\/espesor-boquilla-768x427.png 768w, https:\/\/malibubtlcr.com\/trigas\/wp-content\/uploads\/2024\/10\/espesor-boquilla-1536x855.png 1536w\" sizes=\"auto, (max-width: 1538px) 100vw, 1538px\" \/>\t\t\t\t\t\t\n\t\t\t\t\t<\/div>\n\t\t\t\t\t\t\t\t\n<style>\n#image_1250806393 {\n  width: 100%;\n}\n<\/style>\n\t<\/div>\n\t\n\n\n<\/div>\n<div id=\"tab_caracter\u00edsticas-de-boquillas\" class=\"panel entry-content\" role=\"tabpanel\" aria-labelledby=\"tab-caracter\u00edsticas-de-boquillas\">\n\n<h4><span style=\"color: #003366;\"><strong>Seg\u00fan su uso:<\/strong><\/span><\/h4>\n<div class=\"accordion\">\n\n\t<div id=\"accordion-3354900150\" class=\"accordion-item\">\n\t\t<a id=\"accordion-3354900150-label\" class=\"accordion-title plain\" href=\"#accordion-item-boquillas-de-corte\" aria-expanded=\"false\" aria-controls=\"accordion-3354900150-content\" >\n\t\t\t<button class=\"toggle\" aria-label=\"Toggle\"><i class=\"icon-angle-down\"><\/i><\/button>\n\t\t\t<span>Boquillas de corte<\/span>\n\t\t<\/a>\n\t\t<div id=\"accordion-3354900150-content\" class=\"accordion-inner\" aria-labelledby=\"accordion-3354900150-label\" >\n\t\t\t\n\n<div class=\"row align-middle\"  id=\"row-431115123\">\n\n\n\t<div id=\"col-188864104\" class=\"col medium-6 small-12 large-6\"  >\n\t\t\t\t<div class=\"col-inner\"  >\n\t\t\t\n\t\t\t\n\n<ul>\n<li style=\"font-weight: 400;\" aria-level=\"1\"><span style=\"font-weight: 400;\">Para corte de materiales ferrosos.<\/span><\/li>\n<li style=\"font-weight: 400;\" aria-level=\"1\"><span style=\"font-weight: 400;\">Alta resistencia.<\/span><\/li>\n<li style=\"font-weight: 400;\" aria-level=\"1\"><span style=\"font-weight: 400;\">Mayor eficiencia y precisi\u00f3n en el corte.<\/span><\/li>\n<li style=\"font-weight: 400;\" aria-level=\"1\"><span style=\"font-weight: 400;\">Alta durabilidad.<\/span><\/li>\n<li style=\"font-weight: 400;\" aria-level=\"1\"><span style=\"font-weight: 400;\">Para cortes de hasta 4\u201d.<\/span><\/li>\n<\/ul>\n\n\t\t<\/div>\n\t\t\t\t\t<\/div>\n\n\t\n\n\t<div id=\"col-1639306558\" class=\"col medium-6 small-12 large-6\"  >\n\t\t\t\t<div class=\"col-inner\"  >\n\t\t\t\n\t\t\t\n\n\t<div class=\"img has-hover x md-x lg-x y md-y lg-y\" id=\"image_403637720\">\n\t\t\t\t\t\t\t\t<div class=\"img-inner dark\" >\n\t\t\t<img loading=\"lazy\" decoding=\"async\" width=\"774\" height=\"528\" src=\"https:\/\/malibubtlcr.com\/trigas\/wp-content\/uploads\/2024\/10\/corte.png\" class=\"attachment-original size-original\" alt=\"\" srcset=\"https:\/\/malibubtlcr.com\/trigas\/wp-content\/uploads\/2024\/10\/corte.png 774w, https:\/\/malibubtlcr.com\/trigas\/wp-content\/uploads\/2024\/10\/corte-300x205.png 300w, https:\/\/malibubtlcr.com\/trigas\/wp-content\/uploads\/2024\/10\/corte-768x524.png 768w\" sizes=\"auto, (max-width: 774px) 100vw, 774px\" \/>\t\t\t\t\t\t\n\t\t\t\t\t<\/div>\n\t\t\t\t\t\t\t\t\n<style>\n#image_403637720 {\n  width: 100%;\n}\n<\/style>\n\t<\/div>\n\t\n\n\n\t\t<\/div>\n\t\t\t\t\t<\/div>\n\n\t\n\n<\/div>\n\n\t\t<\/div>\n\t<\/div>\n\t\n\t<div id=\"accordion-957067448\" class=\"accordion-item\">\n\t\t<a id=\"accordion-957067448-label\" class=\"accordion-title plain\" href=\"#accordion-item-boquillas-de-calentamiento\" aria-expanded=\"false\" aria-controls=\"accordion-957067448-content\" >\n\t\t\t<button class=\"toggle\" aria-label=\"Toggle\"><i class=\"icon-angle-down\"><\/i><\/button>\n\t\t\t<span>Boquillas de calentamiento<\/span>\n\t\t<\/a>\n\t\t<div id=\"accordion-957067448-content\" class=\"accordion-inner\" aria-labelledby=\"accordion-957067448-label\" >\n\t\t\t\n\n<div class=\"row align-middle\"  id=\"row-4825797\">\n\n\n\t<div id=\"col-135376967\" class=\"col medium-6 small-12 large-6\"  >\n\t\t\t\t<div class=\"col-inner\"  >\n\t\t\t\n\t\t\t\n\n<ul>\n<li style=\"font-weight: 400;\" aria-level=\"1\"><span style=\"font-weight: 400;\">Mayor rapidez en el calentamiento en piezas que as\u00ed lo requieren.<\/span><\/li>\n<li style=\"font-weight: 400;\" aria-level=\"1\"><span style=\"font-weight: 400;\">Mayor eficiencia en consumo de gases.<\/span><\/li>\n<li style=\"font-weight: 400;\" aria-level=\"1\"><span style=\"font-weight: 400;\">Alta durabilidad.<\/span><\/li>\n<\/ul>\n\n\t\t<\/div>\n\t\t\t\t\t<\/div>\n\n\t\n\n\t<div id=\"col-879378008\" class=\"col medium-6 small-12 large-6\"  >\n\t\t\t\t<div class=\"col-inner\"  >\n\t\t\t\n\t\t\t\n\n\t<div class=\"img has-hover x md-x lg-x y md-y lg-y\" id=\"image_1170784122\">\n\t\t\t\t\t\t\t\t<div class=\"img-inner dark\" >\n\t\t\t<img loading=\"lazy\" decoding=\"async\" width=\"916\" height=\"560\" src=\"https:\/\/malibubtlcr.com\/trigas\/wp-content\/uploads\/2024\/10\/calentamiento.png\" class=\"attachment-original size-original\" alt=\"\" srcset=\"https:\/\/malibubtlcr.com\/trigas\/wp-content\/uploads\/2024\/10\/calentamiento.png 916w, https:\/\/malibubtlcr.com\/trigas\/wp-content\/uploads\/2024\/10\/calentamiento-300x183.png 300w, https:\/\/malibubtlcr.com\/trigas\/wp-content\/uploads\/2024\/10\/calentamiento-768x470.png 768w\" sizes=\"auto, (max-width: 916px) 100vw, 916px\" \/>\t\t\t\t\t\t\n\t\t\t\t\t<\/div>\n\t\t\t\t\t\t\t\t\n<style>\n#image_1170784122 {\n  width: 100%;\n}\n<\/style>\n\t<\/div>\n\t\n\n\n\t\t<\/div>\n\t\t\t\t\t<\/div>\n\n\t\n\n<\/div>\n\n\t\t<\/div>\n\t<\/div>\n\t\n\t<div id=\"accordion-3082238628\" class=\"accordion-item\">\n\t\t<a id=\"accordion-3082238628-label\" class=\"accordion-title plain\" href=\"#accordion-item-boquillas-para-soldadura\" aria-expanded=\"false\" aria-controls=\"accordion-3082238628-content\" >\n\t\t\t<button class=\"toggle\" aria-label=\"Toggle\"><i class=\"icon-angle-down\"><\/i><\/button>\n\t\t\t<span>Boquillas para soldadura<\/span>\n\t\t<\/a>\n\t\t<div id=\"accordion-3082238628-content\" class=\"accordion-inner\" aria-labelledby=\"accordion-3082238628-label\" >\n\t\t\t\n\n<div class=\"row align-middle\"  id=\"row-2088978438\">\n\n\n\t<div id=\"col-58055728\" class=\"col medium-6 small-12 large-6\"  >\n\t\t\t\t<div class=\"col-inner\"  >\n\t\t\t\n\t\t\t\n\n<ul>\n<li style=\"font-weight: 400;\" aria-level=\"1\"><span style=\"font-weight: 400;\">Para soldadura de materiales ferrosos y no ferroso.<\/span><\/li>\n<li style=\"font-weight: 400;\" aria-level=\"1\"><span style=\"font-weight: 400;\">Alta durabilidad.<\/span><\/li>\n<li style=\"font-weight: 400;\" aria-level=\"1\"><span style=\"font-weight: 400;\">Alta eficacia para gases combustibles como Acetilex (boquillas de dos piezas).<\/span><\/li>\n<li style=\"font-weight: 400;\" aria-level=\"1\"><span style=\"font-weight: 400;\">De alta fusi\u00f3n.<\/span><\/li>\n<\/ul>\n\n\t\t<\/div>\n\t\t\t\t\t<\/div>\n\n\t\n\n\t<div id=\"col-486055496\" class=\"col medium-6 small-12 large-6\"  >\n\t\t\t\t<div class=\"col-inner\"  >\n\t\t\t\n\t\t\t\n\n\t<div class=\"img has-hover x md-x lg-x y md-y lg-y\" id=\"image_32219089\">\n\t\t\t\t\t\t\t\t<div class=\"img-inner dark\" >\n\t\t\t<img loading=\"lazy\" decoding=\"async\" width=\"514\" height=\"586\" src=\"https:\/\/malibubtlcr.com\/trigas\/wp-content\/uploads\/2024\/10\/soldadura.png\" class=\"attachment-original size-original\" alt=\"\" srcset=\"https:\/\/malibubtlcr.com\/trigas\/wp-content\/uploads\/2024\/10\/soldadura.png 514w, https:\/\/malibubtlcr.com\/trigas\/wp-content\/uploads\/2024\/10\/soldadura-263x300.png 263w\" sizes=\"auto, (max-width: 514px) 100vw, 514px\" \/>\t\t\t\t\t\t\n\t\t\t\t\t<\/div>\n\t\t\t\t\t\t\t\t\n<style>\n#image_32219089 {\n  width: 100%;\n}\n<\/style>\n\t<\/div>\n\t\n\n\n\t\t<\/div>\n\t\t\t\t\t<\/div>\n\n\t\n\n<\/div>\n\n\t\t<\/div>\n\t<\/div>\n\t\n\n<\/div>\n\n<\/div>\n<div id=\"tab_comparativo-de-gases\" class=\"panel entry-content\" role=\"tabpanel\" aria-labelledby=\"tab-comparativo-de-gases\">\n\n\t<div class=\"img has-hover x md-x lg-x y md-y lg-y\" id=\"image_1352783215\">\n\t\t\t\t\t\t\t\t<div class=\"img-inner dark\" >\n\t\t\t<img loading=\"lazy\" decoding=\"async\" width=\"1912\" height=\"848\" src=\"https:\/\/malibubtlcr.com\/trigas\/wp-content\/uploads\/2024\/10\/compararivo-gases.png\" class=\"attachment-original size-original\" alt=\"\" srcset=\"https:\/\/malibubtlcr.com\/trigas\/wp-content\/uploads\/2024\/10\/compararivo-gases.png 1912w, https:\/\/malibubtlcr.com\/trigas\/wp-content\/uploads\/2024\/10\/compararivo-gases-300x133.png 300w, https:\/\/malibubtlcr.com\/trigas\/wp-content\/uploads\/2024\/10\/compararivo-gases-1024x454.png 1024w, https:\/\/malibubtlcr.com\/trigas\/wp-content\/uploads\/2024\/10\/compararivo-gases-768x341.png 768w, https:\/\/malibubtlcr.com\/trigas\/wp-content\/uploads\/2024\/10\/compararivo-gases-1536x681.png 1536w\" sizes=\"auto, (max-width: 1912px) 100vw, 1912px\" \/>\t\t\t\t\t\t\n\t\t\t\t\t<\/div>\n\t\t\t\t\t\t\t\t\n<style>\n#image_1352783215 {\n  width: 100%;\n}\n<\/style>\n\t<\/div>\n\t\n\n\n<\/div><\/div><\/div>\n\n\t\t<\/div>\n\t\t\t\t\n<style>\n#col-1764022634 > .col-inner {\n  padding: 10px 10px 10px 10px;\n}\n@media (min-width:550px) {\n  #col-1764022634 > .col-inner {\n    padding: 25px 25px 25px 25px;\n  }\n}\n<\/style>\n\t<\/div>\n\n\t\n\n<\/div>\n\n\t\t<\/div>\n\n\t\t\n<style>\n#section_1356118115 {\n  padding-top: 15px;\n  padding-bottom: 15px;\n  background-color: rgb(48, 141, 60);\n}\n@media (min-width:550px) {\n  #section_1356118115 {\n    padding-top: 30px;\n    padding-bottom: 30px;\n  }\n}\n<\/style>\n\t<\/section>\n\t\n\n","protected":false},"excerpt":{"rendered":"","protected":false},"author":1,"featured_media":0,"parent":0,"menu_order":0,"comment_status":"closed","ping_status":"closed","template":"page-blank.php","meta":{"footnotes":""},"class_list":["post-127","page","type-page","status-publish","hentry"],"_links":{"self":[{"href":"https:\/\/malibubtlcr.com\/trigas\/wp-json\/wp\/v2\/pages\/127","targetHints":{"allow":["GET"]}}],"collection":[{"href":"https:\/\/malibubtlcr.com\/trigas\/wp-json\/wp\/v2\/pages"}],"about":[{"href":"https:\/\/malibubtlcr.com\/trigas\/wp-json\/wp\/v2\/types\/page"}],"author":[{"embeddable":true,"href":"https:\/\/malibubtlcr.com\/trigas\/wp-json\/wp\/v2\/users\/1"}],"replies":[{"embeddable":true,"href":"https:\/\/malibubtlcr.com\/trigas\/wp-json\/wp\/v2\/comments?post=127"}],"version-history":[{"count":0,"href":"https:\/\/malibubtlcr.com\/trigas\/wp-json\/wp\/v2\/pages\/127\/revisions"}],"wp:attachment":[{"href":"https:\/\/malibubtlcr.com\/trigas\/wp-json\/wp\/v2\/media?parent=127"}],"curies":[{"name":"wp","href":"https:\/\/api.w.org\/{rel}","templated":true}]}}