{"id":170,"date":"2024-10-20T21:05:48","date_gmt":"2024-10-20T21:05:48","guid":{"rendered":"https:\/\/malibubtlcr.com\/trigas\/?page_id=170"},"modified":"2024-11-11T15:58:44","modified_gmt":"2024-11-11T15:58:44","slug":"ingenieria-en-diseno-de-redes","status":"publish","type":"page","link":"https:\/\/malibubtlcr.com\/trigas\/ingenieria-en-diseno-de-redes\/","title":{"rendered":"Ingenier\u00eda en dise\u00f1o de redes"},"content":{"rendered":"\n\n  <div class=\"banner has-hover\" id=\"banner-1150428997\">\n          <div class=\"banner-inner fill\">\n        <div class=\"banner-bg fill\" >\n            <img loading=\"lazy\" decoding=\"async\" width=\"800\" height=\"600\" src=\"https:\/\/malibubtlcr.com\/trigas\/wp-content\/uploads\/2024\/10\/Healthcare-Medical-Gas-02.jpg\" class=\"bg attachment-large size-large\" alt=\"\" \/>                        <div class=\"overlay\"><\/div>            \n                    <\/div>\n\t\t\n        <div class=\"banner-layers container\">\n            <div class=\"fill banner-link\"><\/div>            \n\n   <div id=\"text-box-611579318\" class=\"text-box banner-layer x50 md-x50 lg-x50 y50 md-y25 lg-y25 res-text\">\n                                <div class=\"text-box-content text \">\n              \n              <div class=\"text-inner text-left\">\n                  \n\n\t<div id=\"text-2974879939\" class=\"text\">\n\t\t\n\n<h2 class=\"uppercase\">Ingenier\u00eda en dise\u00f1o de redes<\/h2>\n<h3>De gases medicinales<\/h3>\n<p><span class=\"s4\">Contamos con un equipo especializado en el dise\u00f1o, montaje y puesta <\/span><span class=\"s4\">en marcha<\/span><span class=\"s4\"> de sistemas de gases medicinales.<\/span><\/p>\n\t\t\n<style>\n#text-2974879939 {\n  text-align: center;\n  color: rgb(255,255,255);\n}\n#text-2974879939 > * {\n  color: rgb(255,255,255);\n}\n@media (min-width:550px) {\n  #text-2974879939 {\n    text-align: left;\n  }\n}\n<\/style>\n\t<\/div>\n\t\n\n              <\/div>\n           <\/div>\n                            \n<style>\n#text-box-611579318 {\n  width: 88%;\n}\n#text-box-611579318 .text-box-content {\n  font-size: 100%;\n}\n@media (min-width:550px) {\n  #text-box-611579318 {\n    width: 87%;\n  }\n}\n<\/style>\n    <\/div>\n \n\n        <\/div>\n      <\/div>\n\n            \n<style>\n#banner-1150428997 {\n  padding-top: 80%;\n  background-color: rgb(255, 255, 255);\n}\n#banner-1150428997 .overlay {\n  background-color: rgba(0,0,0,.5);\n}\n@media (min-width:550px) {\n  #banner-1150428997 {\n    padding-top: 25%;\n  }\n}\n<\/style>\n  <\/div>\n\n\n<div class=\"row align-middle align-center\"  id=\"row-684313563\">\n\n\n\t<div id=\"col-1390744132\" class=\"col medium-6 small-12 large-6\"  >\n\t\t\t\t<div class=\"col-inner\"  >\n\t\t\t\n\t\t\t\n\n\t<div class=\"img has-hover x md-x lg-x y md-y lg-y\" id=\"image_1541767111\">\n\t\t\t\t\t\t\t\t<div class=\"img-inner dark\" >\n\t\t\t<img loading=\"lazy\" decoding=\"async\" width=\"800\" height=\"756\" src=\"https:\/\/malibubtlcr.com\/trigas\/wp-content\/uploads\/2024\/10\/mantenimiento.png\" class=\"attachment-original size-original\" alt=\"\" srcset=\"https:\/\/malibubtlcr.com\/trigas\/wp-content\/uploads\/2024\/10\/mantenimiento.png 800w, https:\/\/malibubtlcr.com\/trigas\/wp-content\/uploads\/2024\/10\/mantenimiento-300x284.png 300w, https:\/\/malibubtlcr.com\/trigas\/wp-content\/uploads\/2024\/10\/mantenimiento-768x726.png 768w\" sizes=\"auto, (max-width: 800px) 100vw, 800px\" \/>\t\t\t\t\t\t\n\t\t\t\t\t<\/div>\n\t\t\t\t\t\t\t\t\n<style>\n#image_1541767111 {\n  width: 100%;\n}\n<\/style>\n\t<\/div>\n\t\n\n\n\t\t<\/div>\n\t\t\t\t\t<\/div>\n\n\t\n\n\t<div id=\"col-756241972\" class=\"col medium-6 small-12 large-6\"  >\n\t\t\t\t<div class=\"col-inner\"  >\n\t\t\t\n\t\t\t\n\n\t<div id=\"text-217379330\" class=\"text text-justificado\">\n\t\t\n\n<p><span class=\"s4\">Contamos con un equipo especializado en el dise\u00f1o, montaje y puesta <\/span><span class=\"s4\">en marcha<\/span><span class=\"s4\"> de sistemas de gases medicinales y vac\u00edo hospitalario, capaces de suplir de forma eficiente y con los m\u00e1s altos est\u00e1ndares de seguridad, las diferentes \u00e1reas funcionales de una instituci\u00f3n hospitalaria, logrando de esta forma el cumplimiento normativo seg\u00fan la NFPA 99, dando como resultado \u00a0la satisfacci\u00f3n de nuestros clientes en cuanto a requerimientos de Ox\u00edgeno, Aire, Nitr\u00f3geno, CO2, soluciones de vac\u00edo y evacuaci\u00f3n de gases anest\u00e9sicos.<\/span><\/p>\n<p>Contamos con la experiencia para intervenir tanto en proyectos en proceso de construcci\u00f3n, como en entidades, las cuales cuentan con todos los servicios habilitados y en funcionamiento, que requieran modificaciones, ampliaciones, o creaci\u00f3n de nuevas \u00e1reas con suministro de gases medicinales y\/o sistemas de vac\u00edo.<\/p>\n\t\t\t<\/div>\n\t\n\n\t\t<\/div>\n\t\t\t\t\t<\/div>\n\n\t\n\n<\/div>\n\n","protected":false},"excerpt":{"rendered":"","protected":false},"author":1,"featured_media":0,"parent":0,"menu_order":0,"comment_status":"closed","ping_status":"closed","template":"page-blank.php","meta":{"footnotes":""},"class_list":["post-170","page","type-page","status-publish","hentry"],"_links":{"self":[{"href":"https:\/\/malibubtlcr.com\/trigas\/wp-json\/wp\/v2\/pages\/170","targetHints":{"allow":["GET"]}}],"collection":[{"href":"https:\/\/malibubtlcr.com\/trigas\/wp-json\/wp\/v2\/pages"}],"about":[{"href":"https:\/\/malibubtlcr.com\/trigas\/wp-json\/wp\/v2\/types\/page"}],"author":[{"embeddable":true,"href":"https:\/\/malibubtlcr.com\/trigas\/wp-json\/wp\/v2\/users\/1"}],"replies":[{"embeddable":true,"href":"https:\/\/malibubtlcr.com\/trigas\/wp-json\/wp\/v2\/comments?post=170"}],"version-history":[{"count":0,"href":"https:\/\/malibubtlcr.com\/trigas\/wp-json\/wp\/v2\/pages\/170\/revisions"}],"wp:attachment":[{"href":"https:\/\/malibubtlcr.com\/trigas\/wp-json\/wp\/v2\/media?parent=170"}],"curies":[{"name":"wp","href":"https:\/\/api.w.org\/{rel}","templated":true}]}}