{"id":44,"date":"2024-09-21T18:41:53","date_gmt":"2024-09-21T18:41:53","guid":{"rendered":"https:\/\/malibubtlcr.com\/trigas\/?page_id=44"},"modified":"2024-11-11T15:32:51","modified_gmt":"2024-11-11T15:32:51","slug":"sector-industrial","status":"publish","type":"page","link":"https:\/\/malibubtlcr.com\/trigas\/sector-industrial\/","title":{"rendered":"Sector Industrial"},"content":{"rendered":"\n\n  <div class=\"banner has-hover has-parallax\" id=\"banner-322992335\">\n          <div class=\"banner-inner fill\">\n        <div class=\"banner-bg fill\" data-parallax=\"-5\" data-parallax-container=\".banner\" data-parallax-background>\n            <img loading=\"lazy\" decoding=\"async\" width=\"1138\" height=\"850\" src=\"https:\/\/malibubtlcr.com\/trigas\/wp-content\/uploads\/2024\/10\/Screenshot-2024-10-03-at-10.52.24\u202fPM.png\" class=\"bg attachment-original size-original\" alt=\"\" \/>                        <div class=\"overlay\"><\/div>            \n                    <\/div>\n\t\t\n        <div class=\"banner-layers container\">\n            <div class=\"fill banner-link\"><\/div>            \n\n   <div id=\"text-box-1965339072\" class=\"text-box banner-layer x50 md-x50 lg-x50 y50 md-y25 lg-y25 res-text\">\n                                <div class=\"text-box-content text \">\n              \n              <div class=\"text-inner text-left\">\n                  \n\n\t<div id=\"text-4005471439\" class=\"text\">\n\t\t\n\n<h2 class=\"uppercase\"><strong>Sector Industrial<\/strong><\/h2>\n<h3>L\u00edder en producci\u00f3n de gases<\/h3>\n<p>Ofrecemos gases industriales tanto en forma gaseosa como l\u00edquida y en una variedad de purezas y concentraciones.<\/p>\n\t\t\n<style>\n#text-4005471439 {\n  text-align: center;\n  color: rgb(255,255,255);\n}\n#text-4005471439 > * {\n  color: rgb(255,255,255);\n}\n@media (min-width:550px) {\n  #text-4005471439 {\n    text-align: left;\n  }\n}\n<\/style>\n\t<\/div>\n\t\n\n              <\/div>\n           <\/div>\n                            \n<style>\n#text-box-1965339072 {\n  width: 88%;\n}\n#text-box-1965339072 .text-box-content {\n  font-size: 100%;\n}\n@media (min-width:550px) {\n  #text-box-1965339072 {\n    width: 90%;\n  }\n}\n<\/style>\n    <\/div>\n \n\n        <\/div>\n      <\/div>\n\n            \n<style>\n#banner-322992335 {\n  padding-top: 80%;\n  background-color: rgb(255, 255, 255);\n}\n#banner-322992335 .overlay {\n  background-color: rgba(0, 0, 0, 0.593);\n}\n#banner-322992335 .banner-bg img {\n  object-position: 22% 0%;\n}\n@media (min-width:550px) {\n  #banner-322992335 {\n    padding-top: 25%;\n  }\n}\n<\/style>\n  <\/div>\n\n\n<div class=\"row\"  id=\"row-1793770239\">\n\n\n\t<div id=\"col-2115852733\" class=\"col small-12 large-12\"  data-animate=\"fadeInUp\">\n\t\t\t\t<div class=\"col-inner\"  >\n\t\t\t\n\t\t\t\n\n\t<div id=\"text-3442024667\" class=\"text text-justificado\">\n\t\t\n\n<p>Ofrecemos una gama completa de productos esenciales, servicios innovadores y experiencia para satisfacer las necesidades de los clientes en materia de gases industriales, gases especiales, gases electr\u00f3nicos, gases m\u00e9dicos, gases l\u00e1ser y producci\u00f3n de gas en sitio.<\/p>\n\t\t\t<\/div>\n\t\n\n\t\t<\/div>\n\t\t\t\t\t<\/div>\n\n\t\n\n<\/div>\n<div class=\"row\"  id=\"row-2124936694\">\n\n\n\t<div id=\"col-850393399\" class=\"col medium-6 small-12 large-6\"  data-animate=\"fadeInLeft\">\n\t\t\t\t<div class=\"col-inner\"  >\n\t\t\t\n\t\t\t\n\n<div class=\"container section-title-container\" ><h3 class=\"section-title section-title-normal\"><b><\/b><span class=\"section-title-main\" style=\"color:rgb(28, 54, 120);\">Acetilex<\/span><b><\/b><\/h3><\/div>\n\n\t<div id=\"text-1827727113\" class=\"text text-justificado\">\n\t\t\n\n<p>Acetilex es un gas de nueva generaci\u00f3n, fabricado como alternativa al Acetileno, altamente eficiente, m\u00e1s econ\u00f3mico y patentado de la marca TRIGAS.<\/p>\n<p>El Acetilex es un gas de alta eficiencia energ\u00e9tica que produce un calentamiento m\u00e1s r\u00e1pido que otros gases y cortes m\u00e1s precisos, limpios y con alto grado de eficiencia.<\/p>\n<p><span style=\"font-weight: 400;\">Adem\u00e1s es un gas amigable con el ambiente.<\/span><\/p>\n\t\t\t<\/div>\n\t\n<a href=\"\/acetilex\" class=\"button primary\"  >\n\t\t<span>ver m\u00e1s<\/span>\n\t<i class=\"icon-angle-right\" aria-hidden=\"true\" ><\/i><\/a>\n\n\n\n\t\t<\/div>\n\t\t\t\t\t<\/div>\n\n\t\n\n\t<div id=\"col-255271043\" class=\"col medium-6 small-12 large-6\"  data-animate=\"fadeInRight\">\n\t\t\t\t<div class=\"col-inner\"  >\n\t\t\t\n\t\t\t\n\n\t<div class=\"img has-hover x md-x lg-x y md-y lg-y\" id=\"image_1454913298\">\n\t\t\t\t\t\t\t\t<div class=\"img-inner dark\" >\n\t\t\t<img loading=\"lazy\" decoding=\"async\" width=\"1138\" height=\"850\" src=\"https:\/\/malibubtlcr.com\/trigas\/wp-content\/uploads\/2024\/10\/Screenshot-2024-10-03-at-10.52.24\u202fPM.png\" class=\"attachment-original size-original\" alt=\"\" srcset=\"https:\/\/malibubtlcr.com\/trigas\/wp-content\/uploads\/2024\/10\/Screenshot-2024-10-03-at-10.52.24\u202fPM.png 1138w, https:\/\/malibubtlcr.com\/trigas\/wp-content\/uploads\/2024\/10\/Screenshot-2024-10-03-at-10.52.24\u202fPM-300x224.png 300w, https:\/\/malibubtlcr.com\/trigas\/wp-content\/uploads\/2024\/10\/Screenshot-2024-10-03-at-10.52.24\u202fPM-1024x765.png 1024w, https:\/\/malibubtlcr.com\/trigas\/wp-content\/uploads\/2024\/10\/Screenshot-2024-10-03-at-10.52.24\u202fPM-768x574.png 768w\" sizes=\"auto, (max-width: 1138px) 100vw, 1138px\" \/>\t\t\t\t\t\t\n\t\t\t\t\t<\/div>\n\t\t\t\t\t\t\t\t\n<style>\n#image_1454913298 {\n  width: 100%;\n}\n<\/style>\n\t<\/div>\n\t\n\n\n\t\t<\/div>\n\t\t\t\t\t<\/div>\n\n\t\n\n<\/div>\n\n\t<section class=\"section\" id=\"section_316418049\">\n\t\t<div class=\"section-bg fill\" >\n\t\t\t\t\t\t\t\t\t\n\t\t\t\n\n\t\t<\/div>\n\n\t\t\n\n\t\t<div class=\"section-content relative\">\n\t\t\t\n\n<div class=\"row\"  id=\"row-224644525\">\n\n\n\t<div id=\"col-566312202\" class=\"col small-12 large-12\"  data-animate=\"fadeInUp\">\n\t\t\t\t<div class=\"col-inner\"  >\n\t\t\t\n\t\t\t\n\n<div class=\"container section-title-container\" ><h3 class=\"section-title section-title-normal\"><b><\/b><span class=\"section-title-main\" style=\"color:rgb(28, 54, 120);\">NUESTROS PRODUCTOS<\/span><b><\/b><\/h3><\/div>\n\n<p>Ofrecemos gases industriales tanto en forma de gas como de l\u00edquido y en una variedad de purezas y concentraciones.<\/p>\n<div class=\"accordion\">\n\n\t<div id=\"accordion-2907385284\" class=\"accordion-item\">\n\t\t<a id=\"accordion-2907385284-label\" class=\"accordion-title plain\" href=\"#accordion-item-\u00c1rgon-ar\" aria-expanded=\"false\" aria-controls=\"accordion-2907385284-content\" >\n\t\t\t<button class=\"toggle\" aria-label=\"Toggle\"><i class=\"icon-angle-down\"><\/i><\/button>\n\t\t\t<span>\u00c1rgon Ar<\/span>\n\t\t<\/a>\n\t\t<div id=\"accordion-2907385284-content\" class=\"accordion-inner\" aria-labelledby=\"accordion-2907385284-label\" >\n\t\t\t\n\n<p>El arg\u00f3n se utiliza en la fabricaci\u00f3n aditiva para la producci\u00f3n de metales en polvo. El arg\u00f3n tambi\u00e9n se inyecta en el aluminio fundido para eliminar impurezas y obtener un producto de mayor calidad.<\/p>\n<p><strong>Nombre del producto y concentraci\u00f3n:<\/strong><br \/>Gas arg\u00f3n comprimido, &gt;99,998%.<br \/>Arg\u00f3n l\u00edquido refrigerado, &gt;99,998%.<br \/>Mezcla de arg\u00f3n y helio gaseoso, 1 ppm &#8211; 99,9%.<br \/>Mezcla de arg\u00f3n e hidr\u00f3geno gaseoso, 1 ppm &#8211; 99,9%.<br \/>Mezcla de arg\u00f3n y nitr\u00f3geno gaseoso, 1 ppm &#8211; 99,9%.<\/p>\n\n\t\t<\/div>\n\t<\/div>\n\t\n\t<div id=\"accordion-1495680705\" class=\"accordion-item\">\n\t\t<a id=\"accordion-1495680705-label\" class=\"accordion-title plain\" href=\"#accordion-item-helio-he\" aria-expanded=\"false\" aria-controls=\"accordion-1495680705-content\" >\n\t\t\t<button class=\"toggle\" aria-label=\"Toggle\"><i class=\"icon-angle-down\"><\/i><\/button>\n\t\t\t<span>Helio He<\/span>\n\t\t<\/a>\n\t\t<div id=\"accordion-1495680705-content\" class=\"accordion-inner\" aria-labelledby=\"accordion-1495680705-label\" >\n\t\t\t\n\n<p>El helio puede proporcionar una atm\u00f3sfera protectora inerte para la fabricaci\u00f3n de fibra \u00f3ptica y semiconductores. Puede enfriar piezas r\u00e1pidamente, controlar la tasa de transferencia de calor y funcionar como gas portador durante la producci\u00f3n.<\/p>\n<p><strong>Nombre del producto y concentraci\u00f3n:<\/strong><br \/>Helio gaseoso &gt; 99<br \/>Helio l\u00edquido &gt; 99<\/p>\n\n\t\t<\/div>\n\t<\/div>\n\t\n\t<div id=\"accordion-902469200\" class=\"accordion-item\">\n\t\t<a id=\"accordion-902469200-label\" class=\"accordion-title plain\" href=\"#accordion-item-hidr\u00f3geno-h2\" aria-expanded=\"false\" aria-controls=\"accordion-902469200-content\" >\n\t\t\t<button class=\"toggle\" aria-label=\"Toggle\"><i class=\"icon-angle-down\"><\/i><\/button>\n\t\t\t<span>Hidr\u00f3geno H2<\/span>\n\t\t<\/a>\n\t\t<div id=\"accordion-902469200-content\" class=\"accordion-inner\" aria-labelledby=\"accordion-902469200-label\" >\n\t\t\t\n\n<p>El hidr\u00f3geno puede utilizarse en su forma pura y en diversas mezclas gaseosas para sinterizaci\u00f3n, soldadura fuerte, recocido, recubrimiento de polvo, moldeo por inyecci\u00f3n de metales y como atm\u00f3sfera protectora y reductora.<\/p>\n<p><strong>Nombre del producto y concentraci\u00f3n:<\/strong><br \/>Hidr\u00f3geno gaseoso comprimido, &gt; 99,95%.<br \/>Hidr\u00f3geno l\u00edquido refrigerado, &gt; 99,95%.<br \/>Mezcla de hidr\u00f3geno gaseoso y aire, 1 ppm &#8211; 2%.<br \/>Mezcla de hidr\u00f3geno gaseoso con arg\u00f3n, 1 ppm &#8211; 99,999%.<br \/>Mezcla de hidr\u00f3geno gaseoso y helio, 1 ppm &#8211; 99,999%.<br \/>Mezcla de hidr\u00f3geno gaseoso y nitr\u00f3geno, 1 ppm &#8211; 99,999%.<\/p>\n\n\t\t<\/div>\n\t<\/div>\n\t\n\t<div id=\"accordion-674600520\" class=\"accordion-item\">\n\t\t<a id=\"accordion-674600520-label\" class=\"accordion-title plain\" href=\"#accordion-item-nitr\u00f3geno-n2\" aria-expanded=\"false\" aria-controls=\"accordion-674600520-content\" >\n\t\t\t<button class=\"toggle\" aria-label=\"Toggle\"><i class=\"icon-angle-down\"><\/i><\/button>\n\t\t\t<span>Nitr\u00f3geno N2<\/span>\n\t\t<\/a>\n\t\t<div id=\"accordion-674600520-content\" class=\"accordion-inner\" aria-labelledby=\"accordion-674600520-label\" >\n\t\t\t\n\n<p>Una atm\u00f3sfera de nitr\u00f3geno puro proporciona un blanketing para las piezas tratadas t\u00e9rmicamente y puede utilizarse para purgar una atm\u00f3sfera de horno existente. Tambi\u00e9n puede utilizarse como gas portador para atm\u00f3sferas controladas por carbono.<\/p>\n<p><strong>Nombre del producto y concentraci\u00f3n:<\/strong><br \/>Nitr\u00f3geno comprimido, alta pureza &gt; 99,998%, baja pureza &gt; 90%.<br \/>Nitr\u00f3geno l\u00edquido refrigerado, &gt; 99,998%.<br \/>Mezcla de nitr\u00f3geno gaseoso Arg\u00f3n, 1 ppm &#8211; 99,99%.<br \/>Mezcla de nitr\u00f3geno gaseoso y helio, 1 ppm &#8211; 99,99%.<br \/>Mezcla de nitr\u00f3geno gaseoso e hidr\u00f3geno, 1 ppm &#8211; 99,99%.<br \/>Mezcla de nitr\u00f3geno y ox\u00edgeno gaseoso, 1 ppm &#8211; 99,99%.<\/p>\n\n\t\t<\/div>\n\t<\/div>\n\t\n\t<div id=\"accordion-994842563\" class=\"accordion-item\">\n\t\t<a id=\"accordion-994842563-label\" class=\"accordion-title plain\" href=\"#accordion-item-ox\u00edgeno-o2\" aria-expanded=\"false\" aria-controls=\"accordion-994842563-content\" >\n\t\t\t<button class=\"toggle\" aria-label=\"Toggle\"><i class=\"icon-angle-down\"><\/i><\/button>\n\t\t\t<span>Ox\u00edgeno O2<\/span>\n\t\t<\/a>\n\t\t<div id=\"accordion-994842563-content\" class=\"accordion-inner\" aria-labelledby=\"accordion-994842563-label\" >\n\t\t\t\n\n<p>El ox\u00edgeno se utiliza para enriquecer el aire y aumentar la temperatura de combusti\u00f3n en los hornos. Tambi\u00e9n se utiliza para crear una llama caliente en sopletes de soldadura de alta temperatura y para apoyar las operaciones de oxicorte.<\/p>\n<p><strong>Nombre y concentraci\u00f3n del producto:<\/strong><\/p>\n<ul>\n<li>Ox\u00edgeno comprimido, alta pureza &gt; 99,5%, baja pureza &gt; 90%.<\/li>\n<li>Ox\u00edgeno l\u00edquido refrigerado, &gt; 99,5%.<\/li>\n<li>Mezcla de ox\u00edgeno y gas arg\u00f3n, 0,5 ppm &#8211; 99,9%.<\/li>\n<li>Mezcla de ox\u00edgeno y helio gaseoso, 0,5 ppm &#8211; 99,9%.<\/li>\n<li>Ox\u00edgeno Gas Nitr\u00f3geno Mezcla, 0.5 ppm &#8211; 99.9%<\/li>\n<\/ul>\n\n\t\t<\/div>\n\t<\/div>\n\t\n\n<\/div>\n\n\t\t<\/div>\n\t\t\t\t\t<\/div>\n\n\t\n\n\n<style>\n#row-224644525 > .col > .col-inner {\n  padding: 10px 10px 10px 10px;\n  background-color: rgb(255, 255, 255);\n}\n@media (min-width:550px) {\n  #row-224644525 > .col > .col-inner {\n    padding: 25px 25px 25px 25px;\n  }\n}\n<\/style>\n<\/div>\n\n\t\t<\/div>\n\n\t\t\n<style>\n#section_316418049 {\n  padding-top: 30px;\n  padding-bottom: 30px;\n  background-color: rgb(48, 141, 60);\n}\n<\/style>\n\t<\/section>\n\t\n<div class=\"row align-middle\"  id=\"row-1187542850\">\n\n\n\t<div id=\"col-451271366\" class=\"col medium-6 small-12 large-6\"  data-animate=\"fadeInRight\">\n\t\t\t\t<div class=\"col-inner\"  >\n\t\t\t\n\t\t\t\n\n\t<div class=\"img has-hover x md-x lg-x y md-y lg-y\" id=\"image_643811504\">\n\t\t\t\t\t\t\t\t<div class=\"img-inner dark\" >\n\t\t\t<img loading=\"lazy\" decoding=\"async\" width=\"845\" height=\"684\" src=\"https:\/\/malibubtlcr.com\/trigas\/wp-content\/uploads\/2024\/10\/WhatsApp-Image-2024-10-29-at-6.15.36-PM.jpeg\" class=\"attachment-original size-original\" alt=\"\" srcset=\"https:\/\/malibubtlcr.com\/trigas\/wp-content\/uploads\/2024\/10\/WhatsApp-Image-2024-10-29-at-6.15.36-PM.jpeg 845w, https:\/\/malibubtlcr.com\/trigas\/wp-content\/uploads\/2024\/10\/WhatsApp-Image-2024-10-29-at-6.15.36-PM-300x243.jpeg 300w, https:\/\/malibubtlcr.com\/trigas\/wp-content\/uploads\/2024\/10\/WhatsApp-Image-2024-10-29-at-6.15.36-PM-768x622.jpeg 768w\" sizes=\"auto, (max-width: 845px) 100vw, 845px\" \/>\t\t\t\t\t\t\n\t\t\t\t\t<\/div>\n\t\t\t\t\t\t\t\t\n<style>\n#image_643811504 {\n  width: 100%;\n}\n<\/style>\n\t<\/div>\n\t\n\n\n\t\t<\/div>\n\t\t\t\t\t<\/div>\n\n\t\n\n\t<div id=\"col-690607684\" class=\"col medium-6 small-12 large-6\"  data-animate=\"fadeInRight\">\n\t\t\t\t<div class=\"col-inner\"  >\n\t\t\t\n\t\t\t\n\n<div class=\"container section-title-container\" ><h3 class=\"section-title section-title-normal\"><b><\/b><span class=\"section-title-main\" style=\"color:rgb(28, 54, 120);\">Producci\u00f3n en sitio<\/span><b><\/b><\/h3><\/div>\n\n\t<div id=\"text-3210133885\" class=\"text text-justificado\">\n\t\t\n\n<p><strong>L\u00edderes en innovaci\u00f3n de sistemas personalizados de generaci\u00f3n de nitr\u00f3geno y ox\u00edgeno<\/strong><\/p>\n<p>L\u00edder mundial en la fabricaci\u00f3n de sistemas de generaci\u00f3n de nitr\u00f3geno y ox\u00edgeno ,dise\u00f1ados a la medida. Contamos con d\u00e9cadas de experiencia en el desarrollo de sistemas de generaci\u00f3n de nitr\u00f3geno y ox\u00edgeno, los cuales aparte de ser dise\u00f1ados, pueden ser entregados llave en mano.<\/p>\n\t\t\t<\/div>\n\t\n<a href=\"\/produccion-en-sitio\" class=\"button primary\"  >\n\t\t<span>ver m\u00e1s<\/span>\n\t<i class=\"icon-angle-right\" aria-hidden=\"true\" ><\/i><\/a>\n\n\n\n\t\t<\/div>\n\t\t\t\t\t<\/div>\n\n\t\n\n<\/div>\n\n","protected":false},"excerpt":{"rendered":"","protected":false},"author":1,"featured_media":0,"parent":0,"menu_order":0,"comment_status":"closed","ping_status":"closed","template":"page-blank.php","meta":{"footnotes":""},"class_list":["post-44","page","type-page","status-publish","hentry"],"_links":{"self":[{"href":"https:\/\/malibubtlcr.com\/trigas\/wp-json\/wp\/v2\/pages\/44","targetHints":{"allow":["GET"]}}],"collection":[{"href":"https:\/\/malibubtlcr.com\/trigas\/wp-json\/wp\/v2\/pages"}],"about":[{"href":"https:\/\/malibubtlcr.com\/trigas\/wp-json\/wp\/v2\/types\/page"}],"author":[{"embeddable":true,"href":"https:\/\/malibubtlcr.com\/trigas\/wp-json\/wp\/v2\/users\/1"}],"replies":[{"embeddable":true,"href":"https:\/\/malibubtlcr.com\/trigas\/wp-json\/wp\/v2\/comments?post=44"}],"version-history":[{"count":0,"href":"https:\/\/malibubtlcr.com\/trigas\/wp-json\/wp\/v2\/pages\/44\/revisions"}],"wp:attachment":[{"href":"https:\/\/malibubtlcr.com\/trigas\/wp-json\/wp\/v2\/media?parent=44"}],"curies":[{"name":"wp","href":"https:\/\/api.w.org\/{rel}","templated":true}]}}