{"id":6,"date":"2024-09-19T02:31:44","date_gmt":"2024-09-19T02:31:44","guid":{"rendered":"https:\/\/malibubtlcr.com\/trigas\/?page_id=6"},"modified":"2024-11-11T16:45:43","modified_gmt":"2024-11-11T16:45:43","slug":"inicio","status":"publish","type":"page","link":"https:\/\/malibubtlcr.com\/trigas\/","title":{"rendered":"Inicio"},"content":{"rendered":"\n\n  <div class=\"banner has-hover has-video\" id=\"banner-690877790\">\n          <div class=\"banner-inner fill\">\n        <div class=\"banner-bg fill\" >\n                        \t<div class=\"video-overlay no-click fill visible\"><\/div>\n\t<video class=\"video-bg fill visible\" preload playsinline autoplay muted loop>\n\t\t<source src=\"https:\/\/malibubtlcr.com\/trigas\/wp-content\/uploads\/2024\/11\/WhatsApp-Video-2024-08-02-at-15.27.28_e3a285f3.mp4\" type=\"video\/mp4\">\t<\/video>\n            <div class=\"overlay\"><\/div>            \n                    <\/div>\n\t\t\n        <div class=\"banner-layers container\">\n            <div class=\"fill banner-link\"><\/div>            \n\n   <div id=\"text-box-1087708359\" class=\"text-box banner-layer x50 md-x50 lg-x50 y50 md-y50 lg-y50 res-text\">\n                     <div data-animate=\"none\">           <div class=\"text-box-content text dark\">\n              \n              <div class=\"text-inner text-center\">\n                  \n\n\t<div class=\"img has-hover hide-for-small x md-x lg-x y md-y lg-y\" id=\"image_1549481961\">\n\t\t\t\t\t\t<div data-animate=\"fadeInDown\">\t\t<div class=\"img-inner dark\" >\n\t\t\t<img loading=\"lazy\" decoding=\"async\" width=\"498\" height=\"109\" src=\"https:\/\/malibubtlcr.com\/trigas\/wp-content\/uploads\/2024\/09\/trigas.png\" class=\"attachment-original size-original\" alt=\"\" srcset=\"https:\/\/malibubtlcr.com\/trigas\/wp-content\/uploads\/2024\/09\/trigas.png 498w, https:\/\/malibubtlcr.com\/trigas\/wp-content\/uploads\/2024\/09\/trigas-300x66.png 300w\" sizes=\"auto, (max-width: 498px) 100vw, 498px\" \/>\t\t\t\t\t\t\n\t\t\t\t\t<\/div>\n\t\t<\/div>\t\t\t\t\t\t\n<style>\n#image_1549481961 {\n  width: 53%;\n}\n@media (min-width:550px) {\n  #image_1549481961 {\n    width: 25%;\n  }\n}\n<\/style>\n\t<\/div>\n\t\n\n\t<div id=\"text-268268690\" class=\"text\">\n\t\t\n\n<p>Somos l\u00edderes en producci\u00f3n de gases m\u00e9dicos, industriales y de laboratorio, en tecnolog\u00eda y aplicaciones para la producci\u00f3n, comercializaci\u00f3n e instalaci\u00f3n de sistemas de gases m\u00e9dicos, industriales y de laboratorio. Nuestro conocimiento del sector, as\u00ed como la experiencia en soluciones innovadoras nos permiten satisfacer las necesidades de nuestros clientes en los sectores industrial, m\u00e9dico, agr\u00edcola, alimentario, qu\u00edmico y electr\u00f3nico.<\/p>\n\t\t\n<style>\n#text-268268690 {\n  font-size: 0.9rem;\n}\n@media (min-width:550px) {\n  #text-268268690 {\n    font-size: 1.35rem;\n  }\n}\n<\/style>\n\t<\/div>\n\t\n<a href=\"#contacto\" class=\"button primary box-shadow-3-hover\"  >\n\t\t<span>Contacto<\/span>\n\t<i class=\"icon-angle-right\" aria-hidden=\"true\" ><\/i><\/a>\n\n\n\n              <\/div>\n           <\/div>\n       <\/div>                     \n<style>\n#text-box-1087708359 {\n  width: 97%;\n}\n#text-box-1087708359 .text-box-content {\n  font-size: 100%;\n}\n<\/style>\n    <\/div>\n \n\n        <\/div>\n      <\/div>\n\n            \n<style>\n#banner-690877790 {\n  padding-top: 300px;\n}\n#banner-690877790 .overlay {\n  background-color: rgba(0, 0, 0, 0.483);\n}\n@media (min-width:550px) {\n  #banner-690877790 {\n    padding-top: 500px;\n  }\n}\n<\/style>\n  <\/div>\n\n\n<div class=\"row row-full-width align-center\"  id=\"row-1494776338\">\n\n\n\t<div id=\"col-2046998158\" class=\"col medium-9 small-12 large-9\"  data-animate=\"fadeInDown\">\n\t\t\t\t<div class=\"col-inner\"  >\n\t\t\t\n\t\t\t\n\n<p style=\"text-align: center;\">Somos l\u00edderes en tecnolog\u00eda y aplicaciones, contamos con el conocimiento del sector y la experiencia en aplicaciones para satisfacer las necesidades de nuestros clientes en los sectores industrial, m\u00e9dico, agr\u00edcola, alimentario, qu\u00edmico y electr\u00f3nico.<\/p>\n\n\t\t<\/div>\n\t\t\t\t\t<\/div>\n\n\t\n\n<\/div>\n<div class=\"row row-collapse row-full-width align-equal\"  id=\"row-596908346\">\n\n\n\t<div id=\"col-2001971285\" class=\"col medium-6 small-12 large-6\"  data-animate=\"fadeInLeft\">\n\t\t\t\t<div class=\"col-inner\" style=\"background-color:rgb(28, 54, 120);\" >\n\t\t\t\n\t\t\t\n\n\t<div id=\"text-4176768566\" class=\"text\">\n\t\t\n\n<h2 class=\"JlqpRe\"><span class=\"JCzEY tNxQIb\"><span class=\"CSkcDe\">\u00bfQU\u00c9 OFRECEMOS?<\/span><\/span><\/h2>\n\t\t\n<style>\n#text-4176768566 {\n  color: rgb(255,255,255);\n}\n#text-4176768566 > * {\n  color: rgb(255,255,255);\n}\n<\/style>\n\t<\/div>\n\t\n\t<div id=\"gap-1166216038\" class=\"gap-element clearfix\" style=\"display:block; height:auto;\">\n\t\t\n<style>\n#gap-1166216038 {\n  padding-top: 30px;\n}\n<\/style>\n\t<\/div>\n\t\n\n\t<div id=\"text-1563235300\" class=\"text text-justificado\">\n\t\t\n\n<p>Contamos con m\u00e1s de 25 a\u00f1os de experiencia demostrada en la producci\u00f3n y suministro seguro y confiable de gases industriales, m\u00e9dicos y especiales. Desde nuestra fundaci\u00f3n, hace m\u00e1s de dos d\u00e9cadas desde la instalaci\u00f3n de nuestra primera planta de producci\u00f3n, nos dedicamos a la fabricaci\u00f3n y envasado de gases para los sectores m\u00e9dico, industrial y de laboratorio.<\/p>\n\t\t\n<style>\n#text-1563235300 {\n  color: rgb(255,255,255);\n}\n#text-1563235300 > * {\n  color: rgb(255,255,255);\n}\n<\/style>\n\t<\/div>\n\t\n<a href=\"https:\/\/malibubtlcr.com\/trigas\/nosotros\/\" class=\"button white is-link\"  >\n\t\t<span>LEER M\u00c1S<\/span>\n\t<i class=\"icon-angle-right\" aria-hidden=\"true\" ><\/i><\/a>\n\n\n\n\t\t<\/div>\n\t\t\t\t\n<style>\n#col-2001971285 > .col-inner {\n  padding: 25px 35px 0px 35px;\n}\n@media (min-width:550px) {\n  #col-2001971285 > .col-inner {\n    padding: 100px 35px 0px 35px;\n  }\n}\n<\/style>\n\t<\/div>\n\n\t\n\n\t<div id=\"col-1914013207\" class=\"col medium-6 small-12 large-6\"  data-animate=\"fadeInRight\">\n\t\t\t\t<div class=\"col-inner\"  >\n\t\t\t\n\t\t\t\n\n\t<div class=\"img has-hover x md-x lg-x y md-y lg-y\" id=\"image_974560837\">\n\t\t\t\t\t\t\t\t<div class=\"img-inner dark\" >\n\t\t\t<img loading=\"lazy\" decoding=\"async\" width=\"800\" height=\"600\" src=\"https:\/\/malibubtlcr.com\/trigas\/wp-content\/uploads\/2024\/09\/Healthcare-Medical-Gas-05.jpg\" class=\"attachment-original size-original\" alt=\"\" srcset=\"https:\/\/malibubtlcr.com\/trigas\/wp-content\/uploads\/2024\/09\/Healthcare-Medical-Gas-05.jpg 800w, https:\/\/malibubtlcr.com\/trigas\/wp-content\/uploads\/2024\/09\/Healthcare-Medical-Gas-05-300x225.jpg 300w, https:\/\/malibubtlcr.com\/trigas\/wp-content\/uploads\/2024\/09\/Healthcare-Medical-Gas-05-768x576.jpg 768w\" sizes=\"auto, (max-width: 800px) 100vw, 800px\" \/>\t\t\t\t\t\t\n\t\t\t\t\t<\/div>\n\t\t\t\t\t\t\t\t\n<style>\n#image_974560837 {\n  width: 100%;\n}\n<\/style>\n\t<\/div>\n\t\n\n\n\t\t<\/div>\n\t\t\t\t\t<\/div>\n\n\t\n\n<\/div>\n\t<div id=\"gap-453336372\" class=\"gap-element clearfix\" style=\"display:block; height:auto;\">\n\t\t\n<style>\n#gap-453336372 {\n  padding-top: 25px;\n}\n@media (min-width:550px) {\n  #gap-453336372 {\n    padding-top: 60px;\n  }\n}\n<\/style>\n\t<\/div>\n\t\n\n<div class=\"row\"  id=\"row-865088187\">\n\n\n\t<div id=\"col-2118954165\" class=\"col small-12 large-12\"  data-animate=\"fadeInDown\">\n\t\t\t\t<div class=\"col-inner text-center\"  >\n\t\t\t\n\t\t\t\n\n<p style=\"text-align: center;\"><strong>Soluciones completas para sistemas de tuber\u00edas de gas m\u00e9dico e industrial<\/strong><\/p>\n<p style=\"text-align: center;\">Descubre nuestros programas integrales, dise\u00f1ados para garantizar la seguridad y eficiencia de tus sistemas de gas. Ofrecemos un paquete completo que incluye pruebas peri\u00f3dicas, mantenimiento preventivo, reparaciones r\u00e1pidas y confiables, y auditor\u00edas detalladas para asegurar un funcionamiento \u00f3ptimo. Adem\u00e1s, brindamos servicios especializados de descontaminaci\u00f3n, ingenier\u00eda avanzada y capacitaci\u00f3n para tu equipo, asegurando que siempre est\u00e9s un paso adelante en el cuidado de tus sistemas cr\u00edticos.<\/p>\n<p style=\"text-align: center;\">\u00a1Asegura el m\u00e1ximo rendimiento y tranquilidad con nuestro equipo de expertos a tu lado!<\/p>\n<a href=\"https:\/\/malibubtlcr.com\/trigas\/mantenimiento-y-construccion\/\" class=\"button primary is-outline\"  >\n\t\t<span>Conoce m\u00e1s<\/span>\n\t<\/a>\n\n\n\n\t\t<\/div>\n\t\t\t\t\t<\/div>\n\n\t\n\n<\/div>\n<div class=\"row row-collapse row-full-width align-equal align-center\"  id=\"row-40629397\">\n\n\n\t<div id=\"col-410884512\" class=\"col small-12 large-12\"  >\n\t\t\t\t<div class=\"col-inner text-center\"  >\n\t\t\t\n\t\t\t\n\n\n\t<section class=\"section\" id=\"section_1011176343\">\n\t\t<div class=\"section-bg fill\" >\n\t\t\t<img loading=\"lazy\" decoding=\"async\" width=\"1600\" height=\"772\" src=\"https:\/\/malibubtlcr.com\/trigas\/wp-content\/uploads\/2024\/09\/background-temp.jpg\" class=\"bg attachment-original size-original\" alt=\"\" \/>\t\t\t\t\t\t\n\t\t\t\n\n\t\t<\/div>\n\n\t\t\n\n\t\t<div class=\"section-content relative\">\n\t\t\t\n\n\t<div id=\"gap-942918000\" class=\"gap-element clearfix\" style=\"display:block; height:auto;\">\n\t\t\n<style>\n#gap-942918000 {\n  padding-top: 0px;\n}\n@media (min-width:550px) {\n  #gap-942918000 {\n    padding-top: 85px;\n  }\n}\n<\/style>\n\t<\/div>\n\t\n\n\t<div id=\"text-2536320436\" class=\"text\">\n\t\t\n\n<div class=\"vc_custom_heading font-weight-regular vc_custom_1684904793525\">M\u00e1xima calidad en nuestros productos<\/div>\n<h2 class=\"vc_custom_heading title-line-left center-text font-weight-bold vc_custom_1698294767853\">Productos de Gases Industriales, Medicinales y para Laboratorio<\/h2>\n\t\t\n<style>\n#text-2536320436 {\n  text-align: center;\n  color: rgb(255,255,255);\n}\n#text-2536320436 > * {\n  color: rgb(255,255,255);\n}\n<\/style>\n\t<\/div>\n\t\n\t<div id=\"gap-2074820923\" class=\"gap-element clearfix\" style=\"display:block; height:auto;\">\n\t\t\n<style>\n#gap-2074820923 {\n  padding-top: 55px;\n}\n<\/style>\n\t<\/div>\n\t\n\n<div class=\"slider-wrapper relative\" id=\"slider-886630009\" >\n    <div class=\"slider slider-type-fade slider-nav-circle slider-nav-normal slider-nav-dark slider-nav-outside slider-style-normal\"\n        data-flickity-options='{\n            \"cellAlign\": \"center\",\n            \"imagesLoaded\": true,\n            \"lazyLoad\": 1,\n            \"freeScroll\": true,\n            \"wrapAround\": true,\n            \"autoPlay\": 6000,\n            \"pauseAutoPlayOnHover\" : true,\n            \"prevNextButtons\": false,\n            \"contain\" : true,\n            \"adaptiveHeight\" : true,\n            \"dragThreshold\" : 10,\n            \"percentPosition\": true,\n            \"pageDots\": true,\n            \"rightToLeft\": false,\n            \"draggable\": true,\n            \"selectedAttraction\": 0.1,\n            \"parallax\" : 0,\n            \"friction\": 0.6        }'\n        >\n        \n\n<div class=\"row row-small row-full-width align-equal align-center\"  id=\"row-1210211365\">\n\n\n\t<div id=\"col-1313717227\" class=\"col shadow-col medium-4 small-12 large-4\"  data-animate=\"fadeInDown\">\n\t\t\t\t<div class=\"col-inner\" style=\"background-color:rgb(255,255,255);\" >\n\t\t\t\n\t\t\t\n\n\t<div id=\"gap-40165370\" class=\"gap-element clearfix\" style=\"display:block; height:auto;\">\n\t\t\n<style>\n#gap-40165370 {\n  padding-top: 30px;\n}\n<\/style>\n\t<\/div>\n\t\n\n<h4 class=\"vc_custom_heading font-weight-bold vc_custom_1685119345893\">Industria M\u00e9dica<\/h4>\n<div class=\"wpb_text_column wpb_content_element  vc_custom_1698294784633\">\n<div class=\"wpb_wrapper\">\n<p>Brindamos servicios a hospitales, cl\u00ednicas, hogares de ancianos y otras instituciones de atenci\u00f3n m\u00e9dica con una l\u00ednea completa de gases m\u00e9dicos.<\/p>\n<\/div>\n<\/div>\n<a href=\"\/sector-medico\" class=\"button primary is-underline lowercase\"  >\n\t\t<span>Ver m\u00e1s<\/span>\n\t<\/a>\n\n\n\t<div id=\"gap-1239669106\" class=\"gap-element clearfix\" style=\"display:block; height:auto;\">\n\t\t\n<style>\n#gap-1239669106 {\n  padding-top: 30px;\n}\n<\/style>\n\t<\/div>\n\t\n\n\n\t\t<\/div>\n\t\t\t\t\n<style>\n#col-1313717227 > .col-inner {\n  padding: 0px 0px 0px 0px;\n  margin: 0px 0px 25px 0px;\n}\n<\/style>\n\t<\/div>\n\n\t\n\n\t<div id=\"col-1473187105\" class=\"col shadow-col medium-4 small-12 large-4\"  data-animate=\"fadeInDown\">\n\t\t\t\t<div class=\"col-inner text-center\" style=\"background-color:rgb(255,255,255);\" >\n\t\t\t\n\t\t\t\n\n\t<div id=\"gap-904821639\" class=\"gap-element clearfix\" style=\"display:block; height:auto;\">\n\t\t\n<style>\n#gap-904821639 {\n  padding-top: 30px;\n}\n<\/style>\n\t<\/div>\n\t\n\n<h4 class=\"vc_custom_heading font-weight-bold vc_custom_1684904978526\">Industriales<\/h4>\n<div class=\"wpb_text_column wpb_content_element  vc_custom_1698294799839\">\n<div class=\"wpb_wrapper\">\n<p>Ofrecemos una gama completa de productos esenciales, experiencia para satisfacer las necesidades de los clientes en materia de gases industriales.<\/p>\n<\/div>\n<\/div>\n<a href=\"\/sector-industrial\" class=\"button primary is-underline lowercase\"  >\n\t\t<span>Ver m\u00e1s<\/span>\n\t<\/a>\n\n\n\t<div id=\"gap-1536057967\" class=\"gap-element clearfix\" style=\"display:block; height:auto;\">\n\t\t\n<style>\n#gap-1536057967 {\n  padding-top: 30px;\n}\n<\/style>\n\t<\/div>\n\t\n\n\n\t\t<\/div>\n\t\t\t\t\n<style>\n#col-1473187105 > .col-inner {\n  padding: 25px 0px 0px 0px;\n  margin: 0px 0px 25px 0px;\n}\n<\/style>\n\t<\/div>\n\n\t\n\n\t<div id=\"col-1529197958\" class=\"col shadow-col medium-4 small-12 large-4\"  data-animate=\"fadeInDown\">\n\t\t\t\t<div class=\"col-inner text-center\" style=\"background-color:rgb(255,255,255);\" >\n\t\t\t\n\t\t\t\n\n\t<div id=\"gap-1975492479\" class=\"gap-element clearfix\" style=\"display:block; height:auto;\">\n\t\t\n<style>\n#gap-1975492479 {\n  padding-top: 30px;\n}\n<\/style>\n\t<\/div>\n\t\n\n<h4 class=\"vc_custom_heading font-weight-bold vc_custom_1699373597853\">Agr\u00edcola<\/h4>\n<div class=\"wpb_text_column wpb_content_element  vc_custom_1699373586453\">\n<div class=\"wpb_wrapper\">\n<p>Proveedor l\u00edder de granjas acu\u00edcolas con producci\u00f3n de ox\u00edgeno en el sitio con respaldo de tanque de ox\u00edgeno l\u00edquido para garantizar un suministro continuo las 24 horas del d\u00eda.<\/p>\n<\/div>\n<\/div>\n<a href=\"\/sector-agricola\" class=\"button primary is-underline lowercase\"  >\n\t\t<span>Ver m\u00e1s<\/span>\n\t<\/a>\n\n\n\t<div id=\"gap-357297373\" class=\"gap-element clearfix\" style=\"display:block; height:auto;\">\n\t\t\n<style>\n#gap-357297373 {\n  padding-top: 30px;\n}\n<\/style>\n\t<\/div>\n\t\n\n\n\t\t<\/div>\n\t\t\t\t\n<style>\n#col-1529197958 > .col-inner {\n  padding: 25px 0px 0px 0px;\n  margin: 0px 0px 25px 0px;\n}\n<\/style>\n\t<\/div>\n\n\t\n\n\n<style>\n#row-1210211365 > .col > .col-inner {\n  padding: 0px 15px 0px 15px;\n}\n<\/style>\n<\/div>\n<div class=\"row row-small row-full-width align-equal align-center\"  id=\"row-39176053\">\n\n\n\t<div id=\"col-49808813\" class=\"col shadow-col medium-4 small-12 large-4\"  data-animate=\"fadeInDown\">\n\t\t\t\t<div class=\"col-inner\" style=\"background-color:rgb(255,255,255);\" >\n\t\t\t\n\t\t\t\n\n\t<div id=\"gap-158982431\" class=\"gap-element clearfix\" style=\"display:block; height:auto;\">\n\t\t\n<style>\n#gap-158982431 {\n  padding-top: 30px;\n}\n<\/style>\n\t<\/div>\n\t\n\n<h4 class=\"vc_custom_heading font-weight-bold vc_custom_1685119345893\">Alimentario<\/h4>\n<div class=\"wpb_text_column wpb_content_element  vc_custom_1698294784633\">\n<div class=\"wpb_wrapper\">\n<p>Producimos y comercializamos gases m\u00e9dicos como: Ox\u00edgeno M\u00e9dico, Nitr\u00f3geno Gaseoso y Aire Medicinal que cumplen con las normativas internacionales.<\/p>\n<\/div>\n<\/div>\n<a href=\"\/sector-agricola#sector-alimenticio\" class=\"button primary is-underline lowercase\"  >\n\t\t<span>Ver m\u00e1s<\/span>\n\t<\/a>\n\n\n\t<div id=\"gap-197358907\" class=\"gap-element clearfix\" style=\"display:block; height:auto;\">\n\t\t\n<style>\n#gap-197358907 {\n  padding-top: 30px;\n}\n<\/style>\n\t<\/div>\n\t\n\n\n\t\t<\/div>\n\t\t\t\t\n<style>\n#col-49808813 > .col-inner {\n  padding: 0px 0px 0px 0px;\n  margin: 0px 0px 25px 0px;\n}\n<\/style>\n\t<\/div>\n\n\t\n\n\t<div id=\"col-1582553395\" class=\"col shadow-col medium-4 small-12 large-4\"  data-animate=\"fadeInDown\">\n\t\t\t\t<div class=\"col-inner\" style=\"background-color:rgb(255,255,255);\" >\n\t\t\t\n\t\t\t\n\n\t<div id=\"gap-646546239\" class=\"gap-element clearfix\" style=\"display:block; height:auto;\">\n\t\t\n<style>\n#gap-646546239 {\n  padding-top: 30px;\n}\n<\/style>\n\t<\/div>\n\t\n\n<h4 class=\"vc_custom_heading font-weight-bold vc_custom_1685119345893\">Mantenimiento y Construcci\u00f3n<\/h4>\n<div class=\"wpb_text_column wpb_content_element  vc_custom_1698294784633\">\n<div class=\"wpb_wrapper\">\n<p>Programas integrales para sistemas de tuber\u00edas de gas m\u00e9dico e industrial que incluyen pruebas peri\u00f3dicas, mantenimiento preventivo, reparaciones y verificaci\u00f3n.<\/p>\n<\/div>\n<\/div>\n<a href=\"\/mantenimiento-y-construccion\" class=\"button primary is-underline lowercase\"  >\n\t\t<span>Ver m\u00e1s<\/span>\n\t<\/a>\n\n\n\t<div id=\"gap-2057589130\" class=\"gap-element clearfix\" style=\"display:block; height:auto;\">\n\t\t\n<style>\n#gap-2057589130 {\n  padding-top: 30px;\n}\n<\/style>\n\t<\/div>\n\t\n\n\n\t\t<\/div>\n\t\t\t\t\n<style>\n#col-1582553395 > .col-inner {\n  padding: 0px 0px 0px 0px;\n  margin: 0px 0px 25px 0px;\n}\n<\/style>\n\t<\/div>\n\n\t\n\n\t<div id=\"col-1845987199\" class=\"col shadow-col medium-4 small-12 large-4\"  data-animate=\"fadeInDown\">\n\t\t\t\t<div class=\"col-inner\" style=\"background-color:rgb(255,255,255);\" >\n\t\t\t\n\t\t\t\n\n\t<div id=\"gap-1711257635\" class=\"gap-element clearfix\" style=\"display:block; height:auto;\">\n\t\t\n<style>\n#gap-1711257635 {\n  padding-top: 30px;\n}\n<\/style>\n\t<\/div>\n\t\n\n<h4 class=\"vc_custom_heading font-weight-bold vc_custom_1685119345893\">Producci\u00f3n en sitio<\/h4>\n<div class=\"wpb_text_column wpb_content_element  vc_custom_1698294784633\">\n<div class=\"wpb_wrapper\">\n<div>L\u00edder mundial en la fabricaci\u00f3n de sistemas personalizados de generaci\u00f3n de nitr\u00f3geno y ox\u00edgeno. Contamos con d\u00e9cadas de experiencia en el desarrollo de sistemas llave en mano de generaci\u00f3n de nitr\u00f3geno y ox\u00edgeno.\u00a0<\/div>\n<\/div>\n<\/div>\n<a href=\"\/produccion-en-sitio\" class=\"button primary is-underline lowercase\"  >\n\t\t<span>Ver m\u00e1s<\/span>\n\t<\/a>\n\n\n\t<div id=\"gap-1954343373\" class=\"gap-element clearfix\" style=\"display:block; height:auto;\">\n\t\t\n<style>\n#gap-1954343373 {\n  padding-top: 30px;\n}\n<\/style>\n\t<\/div>\n\t\n\n\n\t\t<\/div>\n\t\t\t\t\n<style>\n#col-1845987199 > .col-inner {\n  padding: 0px 0px 0px 0px;\n  margin: 0px 0px 25px 0px;\n}\n<\/style>\n\t<\/div>\n\n\t\n\n\n<style>\n#row-39176053 > .col > .col-inner {\n  padding: 0px 15px 0px 15px;\n}\n<\/style>\n<\/div>\n\n     <\/div>\n\n     <div class=\"loading-spin dark large centered\"><\/div>\n\n\t<\/div>\n\n\n\n\t\t<\/div>\n\n\t\t\n<style>\n#section_1011176343 {\n  padding-top: 40px;\n  padding-bottom: 40px;\n  background-color: rgb(251, 247, 248);\n}\n<\/style>\n\t<\/section>\n\t\n\n\t\t<\/div>\n\t\t\t\t\t<\/div>\n\n\t\n\n\n<style>\n#row-40629397 > .col > .col-inner {\n  padding: 0px 0px 35px 0px;\n  background-color: rgb(251, 247, 248);\n}\n<\/style>\n<\/div>\n<span class=\"scroll-to\" data-label=\"Scroll to: #contacto\" data-bullet=\"false\" data-link=\"#contacto\" data-title=\"contacto\" ><a name=\"contacto\"><\/a><\/span>\n\n<div class=\"row row-collapse row-full-width align-equal\"  id=\"row-1204632380\">\n\n\n\t<div id=\"col-311888227\" class=\"col medium-6 small-12 large-6\"  >\n\t\t\t\t<div class=\"col-inner\" style=\"background-color:#308d3c;\" >\n\t\t\t\n\t\t\t\n\n\t<div id=\"text-246296406\" class=\"text text-justificado\">\n\t\t\n\n<h1 class=\"text-melbourne\">Conversemos<\/h1>\n<p class=\"text-melbourne\">Estamos para colaborar en la especificaci\u00f3n y dise\u00f1o de la soluci\u00f3n ideal, de forma eficiente, eficaz y ajustada a sus necesidades. Si requiere un generador de nitr\u00f3geno u ox\u00edgeno, estamos preparados para crear la soluci\u00f3n perfecta para usted.<\/p>\n<p>info@trigaslatinamerica.com \/ <span style=\"color: #ffffff;\">+506 2573 9374<\/span><\/p>\n<p>pedidos@trigascr.com \/ <span style=\"color: #ffffff;\">+506 8567 1052<\/span> \/ <span style=\"color: #ffffff;\">+506 8357 5005<\/span><\/p>\n<p>\u00a0<\/p>\n\t\t\n<style>\n#text-246296406 {\n  color: rgb(255,255,255);\n}\n#text-246296406 > * {\n  color: rgb(255,255,255);\n}\n<\/style>\n\t<\/div>\n\t\n\n\t\t<\/div>\n\t\t\t\t\n<style>\n#col-311888227 > .col-inner {\n  padding: 25px 35px 0px 35px;\n}\n@media (min-width:550px) {\n  #col-311888227 > .col-inner {\n    padding: 100px 35px 0px 35px;\n  }\n}\n<\/style>\n\t<\/div>\n\n\t\n\n\t<div id=\"col-803659610\" class=\"col medium-6 small-12 large-6\"  >\n\t\t\t\t<div class=\"col-inner\" style=\"background-color:#308d3c;\" >\n\t\t\t\n\t\t\t\n\n\n\t<section class=\"section shadow-general\" id=\"section_817059558\">\n\t\t<div class=\"section-bg fill\" >\n\t\t\t\t\t\t\t\t\t\n\t\t\t\n\n\t\t<\/div>\n\n\t\t\n\n\t\t<div class=\"section-content relative\">\n\t\t\t\n\n\n<div class=\"wpcf7 no-js\" id=\"wpcf7-f15-o1\" lang=\"en-US\" dir=\"ltr\">\n<div class=\"screen-reader-response\"><p role=\"status\" aria-live=\"polite\" aria-atomic=\"true\"><\/p> <ul><\/ul><\/div>\n<form action=\"\/trigas\/wp-json\/wp\/v2\/pages\/6#wpcf7-f15-o1\" method=\"post\" class=\"wpcf7-form init\" aria-label=\"Contact form\" novalidate=\"novalidate\" data-status=\"init\">\n<div style=\"display: none;\">\n<input type=\"hidden\" name=\"_wpcf7\" value=\"15\" \/>\n<input type=\"hidden\" name=\"_wpcf7_version\" value=\"5.9.8\" \/>\n<input type=\"hidden\" name=\"_wpcf7_locale\" value=\"en_US\" \/>\n<input type=\"hidden\" name=\"_wpcf7_unit_tag\" value=\"wpcf7-f15-o1\" \/>\n<input type=\"hidden\" name=\"_wpcf7_container_post\" value=\"0\" \/>\n<input type=\"hidden\" name=\"_wpcf7_posted_data_hash\" value=\"\" \/>\n<\/div>\n<p><label> Nombre completo<br \/>\n<span class=\"wpcf7-form-control-wrap\" data-name=\"your-name\"><input size=\"40\" maxlength=\"400\" class=\"wpcf7-form-control wpcf7-text wpcf7-validates-as-required\" autocomplete=\"name\" aria-required=\"true\" aria-invalid=\"false\" value=\"\" type=\"text\" name=\"your-name\" \/><\/span> <\/label>\n<\/p>\n<p><label> Correo electr\u00f3nico<br \/>\n<span class=\"wpcf7-form-control-wrap\" data-name=\"your-email\"><input size=\"40\" maxlength=\"400\" class=\"wpcf7-form-control wpcf7-email wpcf7-validates-as-required wpcf7-text wpcf7-validates-as-email\" autocomplete=\"email\" aria-required=\"true\" aria-invalid=\"false\" value=\"\" type=\"email\" name=\"your-email\" \/><\/span> <\/label>\n<\/p>\n<p><label> Tel\u00e9fono<br \/>\n<span class=\"wpcf7-form-control-wrap\" data-name=\"your-subject\"><input size=\"40\" maxlength=\"400\" class=\"wpcf7-form-control wpcf7-text wpcf7-validates-as-required\" aria-required=\"true\" aria-invalid=\"false\" value=\"\" type=\"text\" name=\"your-subject\" \/><\/span> <\/label>\n<\/p>\n<p><label> Su consulta (opcional)<br \/>\n<span class=\"wpcf7-form-control-wrap\" data-name=\"your-message\"><textarea cols=\"40\" rows=\"10\" maxlength=\"2000\" class=\"wpcf7-form-control wpcf7-textarea\" aria-invalid=\"false\" name=\"your-message\"><\/textarea><\/span> <\/label>\n<\/p>\n<p><input class=\"wpcf7-form-control wpcf7-submit has-spinner\" type=\"submit\" value=\"Enviar mi consulta a TRIGAS\" \/>\n<\/p><div class=\"wpcf7-response-output\" aria-hidden=\"true\"><\/div>\n<\/form>\n<\/div>\n\n\n\n\t\t<\/div>\n\n\t\t\n<style>\n#section_817059558 {\n  padding-top: 30px;\n  padding-bottom: 30px;\n  background-color: rgb(255,255,255);\n}\n<\/style>\n\t<\/section>\n\t\n\n\t\t<\/div>\n\t\t\t\t\n<style>\n#col-803659610 > .col-inner {\n  padding: 25px 10px 25px 10px;\n}\n@media (min-width:550px) {\n  #col-803659610 > .col-inner {\n    padding: 50px 35px 50px 0px;\n  }\n}\n<\/style>\n\t<\/div>\n\n\t\n\n\n<style>\n#row-1204632380 > .col > .col-inner {\n  background-color: #308d3c;\n}\n<\/style>\n<\/div>\n\t<div id=\"gap-702868579\" class=\"gap-element clearfix\" style=\"display:block; height:auto;\">\n\t\t\n<style>\n#gap-702868579 {\n  padding-top: 60px;\n}\n<\/style>\n\t<\/div>\n\t\n\n\n","protected":false},"excerpt":{"rendered":"","protected":false},"author":1,"featured_media":0,"parent":0,"menu_order":0,"comment_status":"closed","ping_status":"closed","template":"page-blank.php","meta":{"footnotes":""},"class_list":["post-6","page","type-page","status-publish","hentry"],"_links":{"self":[{"href":"https:\/\/malibubtlcr.com\/trigas\/wp-json\/wp\/v2\/pages\/6","targetHints":{"allow":["GET"]}}],"collection":[{"href":"https:\/\/malibubtlcr.com\/trigas\/wp-json\/wp\/v2\/pages"}],"about":[{"href":"https:\/\/malibubtlcr.com\/trigas\/wp-json\/wp\/v2\/types\/page"}],"author":[{"embeddable":true,"href":"https:\/\/malibubtlcr.com\/trigas\/wp-json\/wp\/v2\/users\/1"}],"replies":[{"embeddable":true,"href":"https:\/\/malibubtlcr.com\/trigas\/wp-json\/wp\/v2\/comments?post=6"}],"version-history":[{"count":0,"href":"https:\/\/malibubtlcr.com\/trigas\/wp-json\/wp\/v2\/pages\/6\/revisions"}],"wp:attachment":[{"href":"https:\/\/malibubtlcr.com\/trigas\/wp-json\/wp\/v2\/media?parent=6"}],"curies":[{"name":"wp","href":"https:\/\/api.w.org\/{rel}","templated":true}]}}